{"id":3830,"date":"2024-02-16T16:09:15","date_gmt":"2024-02-16T13:09:15","guid":{"rendered":"http:\/\/89.166.50.73\/~gainer\/?page_id=3830"},"modified":"2024-03-20T15:26:29","modified_gmt":"2024-03-20T12:26:29","slug":"laskutus","status":"publish","type":"page","link":"https:\/\/gainer.fi\/en\/laskutus\/","title":{"rendered":"Laskutus"},"content":{"rendered":"<p>Yrityksemme Gainer Oy (2699589\u20134) laskutusosoitteet ovat p\u00e4ivittyneet. P\u00e4ivit\u00e4tteh\u00e4n asiakasrekisteriinne uudet laskutustietomme.<\/p>\n\n\n\n<p>Toivomme, ett\u00e4 l\u00e4het\u00e4tte laskunne jatkossa ensisijaisesti verkkolaskuina. Verkkolaskujen k\u00e4sittely on sek\u00e4 l\u00e4hett\u00e4j\u00e4lle ett\u00e4 vastaanottajalle nopeampaa, luotettavampaa ja edullisempaa kuin paperilaskujen k\u00e4sittely.<\/p>\n\n\n\n<p><strong>Verkkolaskuosoitteemme ovat:<\/strong><\/p>\n\n\n\n<p><strong>Operaattori \/ Verkkolaskuosoite \/ OVT-tunnus<\/strong><\/p>\n\n\n\n<p>Apix Messaging Oy (003723327487) \/ 003726995894 \/ 003726995894<\/p>\n\n\n\n<p>Danske Bank Oyj (DABAFIHH) \/ FI8183186710019834 \/ 003726995894<\/p>\n\n\n\n<p>Huomioittehan, ett\u00e4 mik\u00e4li k\u00e4yt\u00f6ss\u00e4nne on jokin seuraavista operaattoreista verkkolaskun l\u00e4hett\u00e4miseen:<\/p>\n\n\n\n<p>Danske Bank Oyj, Handelsbanken, Paikallisosuuspankit tai S\u00e4\u00e4st\u00f6pankit, tulee teid\u00e4n k\u00e4ytt\u00e4\u00e4 Apixin verkkolaskuosoitteenamme seuraavaa osoitetta: <br><br><strong>verkkolaskuosoite: <\/strong>003723327487<br><strong>operaattoritunnus<\/strong>: DABAFIHH<\/p>\n\n\n\n<p>Mik\u00e4li ette voi l\u00e4hett\u00e4\u00e4 verkkolaskuja, pyyd\u00e4mme l\u00e4hett\u00e4m\u00e4\u00e4n laskut ostolaskujen skannauspalveluun.<\/p>\n\n\n\n<p><strong>S\u00e4hk\u00f6postiskannauksen osoite:<\/strong> 003726995894@procountor.apix.fi<\/p>\n\n\n\n<p>L\u00e4hetett\u00e4v\u00e4 lasku tulee olla s\u00e4hk\u00f6postin liitteen\u00e4 PDF-tiedostona ja yhdell\u00e4 s\u00e4hk\u00f6postilla ja sen liitteiss\u00e4 saa olla vain yksi lasku. Jos s\u00e4hk\u00f6posti sis\u00e4lt\u00e4\u00e4 muita liitetiedostoja, lis\u00e4t\u00e4\u00e4n ne laskun liitteiksi. Liitetiedostojen maksimikoko on 2 mb. L\u00e4hetyksen j\u00e4lkeen palvelusta tulee joko hyv\u00e4ksynt\u00e4- tai hylk\u00e4ysilmoitus s\u00e4hk\u00f6postilla l\u00e4hetysosoitteeseen 15 minuutin kuluessa l\u00e4hetyksest\u00e4.<\/p>\n\n\n\n<p><strong>Paperilaskujen skannauksen osoite:<\/strong><\/p>\n\n\n\n<p>Gainer Oy (Apix Skannauspalvelu)<br>PL 16112<br>00021 LASKUTUS<\/p>\n\n\n\n<p>Jotta skannauspalvelu voi kohdistaa laskunne, tulee t\u00e4m\u00e4 laskutusosoite tulostaa my\u00f6s itse laskuun, eik\u00e4 pelk\u00e4st\u00e4\u00e4n kirjekuoreen. T\u00e4h\u00e4n laskutusosoitteeseen ei tule l\u00e4hett\u00e4\u00e4 muuta materiaalia kuin laskuja, eli esimerkiksi tiedotusten ja markkinointimateriaalin postiosoite pysyy ennallaan.<\/p>","protected":false},"excerpt":{"rendered":"<p>Yrityksemme Gainer Oy (2699589\u20134) laskutusosoitteet ovat p\u00e4ivittyneet. P\u00e4ivit\u00e4tteh\u00e4n asiakasrekisteriinne uudet laskutustietomme. Toivomme, ett\u00e4 l\u00e4het\u00e4tte laskunne jatkossa ensisijaisesti verkkolaskuina. Verkkolaskujen k\u00e4sittely on sek\u00e4 l\u00e4hett\u00e4j\u00e4lle ett\u00e4 vastaanottajalle nopeampaa, luotettavampaa ja edullisempaa kuin paperilaskujen k\u00e4sittely. Verkkolaskuosoitteemme ovat: Operaattori \/ Verkkolaskuosoite \/ OVT-tunnus Apix Messaging Oy (003723327487) \/ 003726995894 \/ 003726995894 Danske Bank Oyj (DABAFIHH) \/ FI8183186710019834 \/ 003726995894 [&hellip;]<\/p>","protected":false},"author":6,"featured_media":0,"parent":0,"menu_order":0,"comment_status":"closed","ping_status":"closed","template":"","meta":{"site-sidebar-layout":"default","site-content-layout":"","ast-site-content-layout":"default","site-content-style":"default","site-sidebar-style":"default","ast-global-header-display":"","ast-banner-title-visibility":"","ast-main-header-display":"","ast-hfb-above-header-display":"","ast-hfb-below-header-display":"","ast-hfb-mobile-header-display":"","site-post-title":"","ast-breadcrumbs-content":"","ast-featured-img":"","footer-sml-layout":"","theme-transparent-header-meta":"","adv-header-id-meta":"","stick-header-meta":"","header-above-stick-meta":"","header-main-stick-meta":"","header-below-stick-meta":"","astra-migrate-meta-layouts":"set","ast-page-background-enabled":"default","ast-page-background-meta":{"desktop":{"background-color":"","background-image":"","background-repeat":"repeat","background-position":"center center","background-size":"auto","background-attachment":"scroll","background-type":"","background-media":"","overlay-type":"","overlay-color":"","overlay-opacity":"","overlay-gradient":""},"tablet":{"background-color":"","background-image":"","background-repeat":"repeat","background-position":"center center","background-size":"auto","background-attachment":"scroll","background-type":"","background-media":"","overlay-type":"","overlay-color":"","overlay-opacity":"","overlay-gradient":""},"mobile":{"background-color":"","background-image":"","background-repeat":"repeat","background-position":"center center","background-size":"auto","background-attachment":"scroll","background-type":"","background-media":"","overlay-type":"","overlay-color":"","overlay-opacity":"","overlay-gradient":""}},"ast-content-background-meta":{"desktop":{"background-color":"var(--ast-global-color-5)","background-image":"","background-repeat":"repeat","background-position":"center center","background-size":"auto","background-attachment":"scroll","background-type":"","background-media":"","overlay-type":"","overlay-color":"","overlay-opacity":"","overlay-gradient":""},"tablet":{"background-color":"var(--ast-global-color-5)","background-image":"","background-repeat":"repeat","background-position":"center center","background-size":"auto","background-attachment":"scroll","background-type":"","background-media":"","overlay-type":"","overlay-color":"","overlay-opacity":"","overlay-gradient":""},"mobile":{"background-color":"var(--ast-global-color-5)","background-image":"","background-repeat":"repeat","background-position":"center center","background-size":"auto","background-attachment":"scroll","background-type":"","background-media":"","overlay-type":"","overlay-color":"","overlay-opacity":"","overlay-gradient":""}},"footnotes":""},"class_list":["post-3830","page","type-page","status-publish","hentry"],"yoast_head":"<!-- This site is optimized with the Yoast SEO plugin v27.5 - https:\/\/yoast.com\/product\/yoast-seo-wordpress\/ -->\n<title>Laskutus - Gainer<\/title>\n<meta name=\"description\" content=\"Yrityksemme Gainer Oy (2699589\u20134) laskutusosoitteet ovat p\u00e4ivittyneet. P\u00e4ivit\u00e4tteh\u00e4n asiakasrekisteriinne uudet laskutustietomme.\" \/>\n<meta name=\"robots\" content=\"index, follow, max-snippet:-1, max-image-preview:large, max-video-preview:-1\" \/>\n<link rel=\"canonical\" href=\"https:\/\/gainer.fi\/en\/laskutus\/\" \/>\n<meta property=\"og:locale\" content=\"en_GB\" \/>\n<meta property=\"og:type\" content=\"article\" \/>\n<meta property=\"og:title\" content=\"Laskutus - Gainer\" \/>\n<meta property=\"og:description\" content=\"Yrityksemme Gainer Oy (2699589\u20134) laskutusosoitteet ovat p\u00e4ivittyneet. P\u00e4ivit\u00e4tteh\u00e4n asiakasrekisteriinne uudet laskutustietomme.\" \/>\n<meta property=\"og:url\" content=\"https:\/\/gainer.fi\/en\/laskutus\/\" \/>\n<meta property=\"og:site_name\" content=\"Gainer\" \/>\n<meta property=\"article:modified_time\" content=\"2024-03-20T12:26:29+00:00\" \/>\n<meta name=\"twitter:card\" content=\"summary_large_image\" \/>\n<meta name=\"twitter:label1\" content=\"Estimated reading time\" \/>\n\t<meta name=\"twitter:data1\" content=\"2 minutes\" \/>\n<script type=\"application\/ld+json\" class=\"yoast-schema-graph\">{\"@context\":\"https:\\\/\\\/schema.org\",\"@graph\":[{\"@type\":\"WebPage\",\"@id\":\"https:\\\/\\\/gainer.fi\\\/laskutus\\\/\",\"url\":\"https:\\\/\\\/gainer.fi\\\/laskutus\\\/\",\"name\":\"Laskutus - Gainer\",\"isPartOf\":{\"@id\":\"https:\\\/\\\/gainer.fi\\\/#website\"},\"datePublished\":\"2024-02-16T13:09:15+00:00\",\"dateModified\":\"2024-03-20T12:26:29+00:00\",\"description\":\"Yrityksemme Gainer Oy (2699589\u20134) laskutusosoitteet ovat p\u00e4ivittyneet. P\u00e4ivit\u00e4tteh\u00e4n asiakasrekisteriinne uudet laskutustietomme.\",\"breadcrumb\":{\"@id\":\"https:\\\/\\\/gainer.fi\\\/laskutus\\\/#breadcrumb\"},\"inLanguage\":\"en-GB\",\"potentialAction\":[{\"@type\":\"ReadAction\",\"target\":[\"https:\\\/\\\/gainer.fi\\\/laskutus\\\/\"]}]},{\"@type\":\"BreadcrumbList\",\"@id\":\"https:\\\/\\\/gainer.fi\\\/laskutus\\\/#breadcrumb\",\"itemListElement\":[{\"@type\":\"ListItem\",\"position\":1,\"name\":\"Home\",\"item\":\"https:\\\/\\\/gainer.fi\\\/\"},{\"@type\":\"ListItem\",\"position\":2,\"name\":\"Laskutus\"}]},{\"@type\":\"WebSite\",\"@id\":\"https:\\\/\\\/gainer.fi\\\/#website\",\"url\":\"https:\\\/\\\/gainer.fi\\\/\",\"name\":\"Gainer\",\"description\":\"Gainer\",\"publisher\":{\"@id\":\"https:\\\/\\\/gainer.fi\\\/#organization\"},\"potentialAction\":[{\"@type\":\"SearchAction\",\"target\":{\"@type\":\"EntryPoint\",\"urlTemplate\":\"https:\\\/\\\/gainer.fi\\\/?s={search_term_string}\"},\"query-input\":{\"@type\":\"PropertyValueSpecification\",\"valueRequired\":true,\"valueName\":\"search_term_string\"}}],\"inLanguage\":\"en-GB\"},{\"@type\":\"Organization\",\"@id\":\"https:\\\/\\\/gainer.fi\\\/#organization\",\"name\":\"Gainer\",\"url\":\"https:\\\/\\\/gainer.fi\\\/\",\"logo\":{\"@type\":\"ImageObject\",\"inLanguage\":\"en-GB\",\"@id\":\"https:\\\/\\\/gainer.fi\\\/#\\\/schema\\\/logo\\\/image\\\/\",\"url\":\"https:\\\/\\\/gainer.fi\\\/wp-content\\\/uploads\\\/2021\\\/02\\\/Gainer-logo.png\",\"contentUrl\":\"https:\\\/\\\/gainer.fi\\\/wp-content\\\/uploads\\\/2021\\\/02\\\/Gainer-logo.png\",\"width\":1000,\"height\":239,\"caption\":\"Gainer\"},\"image\":{\"@id\":\"https:\\\/\\\/gainer.fi\\\/#\\\/schema\\\/logo\\\/image\\\/\"}}]}<\/script>\n<!-- \/ Yoast SEO plugin. -->","yoast_head_json":{"title":"Laskutus - Gainer","description":"Yrityksemme Gainer Oy (2699589\u20134) laskutusosoitteet ovat p\u00e4ivittyneet. P\u00e4ivit\u00e4tteh\u00e4n asiakasrekisteriinne uudet laskutustietomme.","robots":{"index":"index","follow":"follow","max-snippet":"max-snippet:-1","max-image-preview":"max-image-preview:large","max-video-preview":"max-video-preview:-1"},"canonical":"https:\/\/gainer.fi\/en\/laskutus\/","og_locale":"en_GB","og_type":"article","og_title":"Laskutus - Gainer","og_description":"Yrityksemme Gainer Oy (2699589\u20134) laskutusosoitteet ovat p\u00e4ivittyneet. P\u00e4ivit\u00e4tteh\u00e4n asiakasrekisteriinne uudet laskutustietomme.","og_url":"https:\/\/gainer.fi\/en\/laskutus\/","og_site_name":"Gainer","article_modified_time":"2024-03-20T12:26:29+00:00","twitter_card":"summary_large_image","twitter_misc":{"Estimated reading time":"2 minutes"},"schema":{"@context":"https:\/\/schema.org","@graph":[{"@type":"WebPage","@id":"https:\/\/gainer.fi\/laskutus\/","url":"https:\/\/gainer.fi\/laskutus\/","name":"Laskutus - Gainer","isPartOf":{"@id":"https:\/\/gainer.fi\/#website"},"datePublished":"2024-02-16T13:09:15+00:00","dateModified":"2024-03-20T12:26:29+00:00","description":"Yrityksemme Gainer Oy (2699589\u20134) laskutusosoitteet ovat p\u00e4ivittyneet. P\u00e4ivit\u00e4tteh\u00e4n asiakasrekisteriinne uudet laskutustietomme.","breadcrumb":{"@id":"https:\/\/gainer.fi\/laskutus\/#breadcrumb"},"inLanguage":"en-GB","potentialAction":[{"@type":"ReadAction","target":["https:\/\/gainer.fi\/laskutus\/"]}]},{"@type":"BreadcrumbList","@id":"https:\/\/gainer.fi\/laskutus\/#breadcrumb","itemListElement":[{"@type":"ListItem","position":1,"name":"Home","item":"https:\/\/gainer.fi\/"},{"@type":"ListItem","position":2,"name":"Laskutus"}]},{"@type":"WebSite","@id":"https:\/\/gainer.fi\/#website","url":"https:\/\/gainer.fi\/","name":"Gainer","description":"Gainer","publisher":{"@id":"https:\/\/gainer.fi\/#organization"},"potentialAction":[{"@type":"SearchAction","target":{"@type":"EntryPoint","urlTemplate":"https:\/\/gainer.fi\/?s={search_term_string}"},"query-input":{"@type":"PropertyValueSpecification","valueRequired":true,"valueName":"search_term_string"}}],"inLanguage":"en-GB"},{"@type":"Organization","@id":"https:\/\/gainer.fi\/#organization","name":"Gainer","url":"https:\/\/gainer.fi\/","logo":{"@type":"ImageObject","inLanguage":"en-GB","@id":"https:\/\/gainer.fi\/#\/schema\/logo\/image\/","url":"https:\/\/gainer.fi\/wp-content\/uploads\/2021\/02\/Gainer-logo.png","contentUrl":"https:\/\/gainer.fi\/wp-content\/uploads\/2021\/02\/Gainer-logo.png","width":1000,"height":239,"caption":"Gainer"},"image":{"@id":"https:\/\/gainer.fi\/#\/schema\/logo\/image\/"}}]}},"_links":{"self":[{"href":"https:\/\/gainer.fi\/en\/wp-json\/wp\/v2\/pages\/3830","targetHints":{"allow":["GET"]}}],"collection":[{"href":"https:\/\/gainer.fi\/en\/wp-json\/wp\/v2\/pages"}],"about":[{"href":"https:\/\/gainer.fi\/en\/wp-json\/wp\/v2\/types\/page"}],"author":[{"embeddable":true,"href":"https:\/\/gainer.fi\/en\/wp-json\/wp\/v2\/users\/6"}],"replies":[{"embeddable":true,"href":"https:\/\/gainer.fi\/en\/wp-json\/wp\/v2\/comments?post=3830"}],"version-history":[{"count":3,"href":"https:\/\/gainer.fi\/en\/wp-json\/wp\/v2\/pages\/3830\/revisions"}],"predecessor-version":[{"id":3865,"href":"https:\/\/gainer.fi\/en\/wp-json\/wp\/v2\/pages\/3830\/revisions\/3865"}],"wp:attachment":[{"href":"https:\/\/gainer.fi\/en\/wp-json\/wp\/v2\/media?parent=3830"}],"curies":[{"name":"wp","href":"https:\/\/api.w.org\/{rel}","templated":true}]}}