{"id":3816,"date":"2024-02-16T15:23:53","date_gmt":"2024-02-16T12:23:53","guid":{"rendered":"http:\/\/89.166.50.73\/~gainer\/?page_id=3816"},"modified":"2026-01-29T16:35:55","modified_gmt":"2026-01-29T13:35:55","slug":"whistleblowing-ilmoituskanava","status":"publish","type":"page","link":"https:\/\/gainer.fi\/en\/whistleblowing-ilmoituskanava\/","title":{"rendered":"Whistleblowing channel"},"content":{"rendered":"<h3 class=\"wp-block-heading\"><strong>Why and What is Gainer's Reporting Channel (in Finnish)<\/strong><\/h3>\n\n\n\n<p>Gainer haluaa edist\u00e4\u00e4 l\u00e4pin\u00e4kyvyytt\u00e4 ja hyv\u00e4\u00e4 etiikkaa kaikessa toiminnassaan.<\/p>\n\n\n\n<p>Jos ty\u00f6ntekij\u00e4mme, yhteisty\u00f6kumppanimme tai muu kanssamme tekemisiss\u00e4 oleva taho kohtaa Gainerilla lain vastaista toimintaa tai ep\u00e4ilee rikkomusta, haluamme tiet\u00e4\u00e4 siit\u00e4. Ilmoituskanava on t\u00e4rke\u00e4 ty\u00f6kalu luottamuksen yll\u00e4pit\u00e4miseksi ja v\u00e4\u00e4rink\u00e4yt\u00f6sten havaitsemiseksi.<\/p>\n\n\n\n<p>Ensisijaisesti kannustamme keskustelemaan aiheesta l\u00e4hiesihenkil\u00f6n kanssa tai olemaan yhteydess\u00e4 Gainerin johtoon. Jos t\u00e4m\u00e4 ei ole mahdollista, voit ilmoittaa ep\u00e4kohdista whistleblowing-ilmoituskanavamme kautta. Tarkemmat edellytykset ilmoittamiselle l\u00f6yd\u00e4t alta.<\/p>\n\n\n\n<p>Ilmoituskanava on perustettu&nbsp;<a href=\"https:\/\/www.finlex.fi\/fi\/laki\/alkup\/2022\/20221171\">ilmoittajansuojalain (1171\/2022<\/a>) mukaisesti.<\/p>\n\n\n\n<h3 class=\"wp-block-heading\"><strong>Kuka voi j\u00e4tt\u00e4\u00e4 ilmoituksen?<\/strong><\/h3>\n\n\n\n<p>Ilmoituksen voi tehd\u00e4 kuka tahansa, joka on kohdannut ep\u00e4ilyksen Gainerin toimintaan liittyv\u00e4st\u00e4 lains\u00e4\u00e4d\u00e4nn\u00f6n rikkomuksesta. Ilmoittaja voi olla esim. Gainerin nykyinen tai entinen ty\u00f6ntekij\u00e4, alihankkija tai yhteisty\u00f6kumppani.&nbsp;<\/p>\n\n\n\n<h3 class=\"wp-block-heading\"><strong>Voiko ilmoituksen j\u00e4tt\u00e4\u00e4 nimett\u00f6m\u00e4sti?<\/strong><\/h3>\n\n\n\n<p>Whistleblowing-ilmoituksen voi tehd\u00e4 henkil\u00f6llisyytens\u00e4 ilmoittaen tai nimett\u00f6m\u00e4sti. Kannustamme kertomaan henkil\u00f6llisyyden avoimesti, t\u00e4ll\u00f6in pystymme selvitt\u00e4m\u00e4\u00e4n ilmoitettua tilannetta ja sen paikkansa pit\u00e4vyytt\u00e4 paremmin. Vuoropuhelu nimett\u00f6mien ilmoittajien kanssa perustuu ilmoituksen teon yhteydess\u00e4 generoidun yksil\u00f6idyn tunnuksen k\u00e4ytt\u00f6\u00f6n.<\/p>\n\n\n\n<h3 class=\"wp-block-heading\"><strong>Miten ilmoittaminen tapahtuu k\u00e4yt\u00e4nn\u00f6ss\u00e4?<\/strong><\/h3>\n\n\n\n<p>Ilmoituskanavaamme hallinnoi ulkopuolinen palveluntarjoaja Juuriharja Oy. Ilmoitukset tehd\u00e4\u00e4n Juuriharjan yll\u00e4pit\u00e4m\u00e4\u00e4n First Whistle -palveluun, joka l\u00f6ytyy osoitteesta:<\/p>\n\n\n\n<h2 class=\"wp-block-heading\"><strong><a href=\"https:\/\/eur01.safelinks.protection.outlook.com\/?url=https%3A%2F%2Fwww.firstwhistle.fi%2Fgainer&amp;data=05%7C01%7Cjani.karjalainen%40gainer.fi%7C98b1e76a634640beb86f08dbce57dd96%7C11996ab02d4040b985411941e1d36d1c%7C0%7C0%7C638330649032798087%7CUnknown%7CTWFpbGZsb3d8eyJWIjoiMC4wLjAwMDAiLCJQIjoiV2luMzIiLCJBTiI6Ik1haWwiLCJXVCI6Mn0%3D%7C3000%7C%7C%7C&amp;sdata=Z5iDK1WMUth0tpr%2Bs8RsazCv%2B3eBgC%2F7nAtubgxno8Y%3D&amp;reserved=0\" target=\"_blank\" rel=\"noreferrer noopener\"><mark style=\"background-color:rgba(0, 0, 0, 0)\" class=\"has-inline-color has-ast-global-color-1-color\"><span style=\"text-decoration: underline;\">firstwhistle.fi\/gainer<\/span><\/mark><\/a><\/strong><\/h2>\n\n\n\n<p>Kaikki viestiliikenne First Whistle -palveluun on salattua. Ilmoituskanavassa saat satunnaisesti arvotun tunnuksen, jonka avulla pystyt seuraamaan k\u00e4sittelyn etenemist\u00e4, ja voit halutessasi jatkaa keskustelua ilmoituksen k\u00e4sittelij\u00f6iden kanssa nimett\u00f6m\u00e4sti, luottamuksellisesti ja tietoturvallisesti.&nbsp;<\/p>\n\n\n\n<p>Ilmoituksen voi tehd\u00e4 ilman vankkoja todisteita tai t\u00e4ytt\u00e4 varmuutta siit\u00e4, onko rikkomus tapahtunut. Ilmoitukset tulee kuitenkin tehd\u00e4 rehellisesti ja vilpitt\u00f6m\u00e4sti, paikkansa pit\u00e4m\u00e4tt\u00f6mien ilmoitusten tarkoituksellinen tekeminen on vakava rikkomus.<\/p>\n\n\n\n<p>Kolmen kuukauden kuluessa ilmoituksen vastaanottamisesta saat tiedon siit\u00e4, mit\u00e4 toimenpiteit\u00e4 ilmoituksen perusteella toteutetaan.<\/p>\n\n\n\n<p>Katso ohje ilmoituksen tekemisest\u00e4\u00a0<a href=\"https:\/\/www.juuriharja.fi\/whistleblowing-ilmoittajalle-faq\"><span style=\"text-decoration: underline;\">t\u00e4st\u00e4 linkist\u00e4<\/span><\/a>.\u00a0<\/p>\n\n\n\n<h3 class=\"wp-block-heading\"><strong>Mist\u00e4 asioista voi ilmoittaa?<\/strong><\/h3>\n\n\n\n<p>Ilmoituskanavassa voit ilmoittaa&nbsp;<strong>vakavista v\u00e4\u00e4rink\u00e4yt\u00f6ksist\u00e4<\/strong>, jotka kohdistuvat yksitt\u00e4isiin henkil\u00f6ihin, yritykseen, yhteiskuntaan tai ymp\u00e4rist\u00f6\u00f6n. Ilmoittajasuojalain soveltamisalaan kuuluvia aiheita ovat esim.:<\/p>\n\n\n\n<ul class=\"wp-block-list\">\n<li>julkiset hankinnat<\/li>\n\n\n\n<li>pankki- ja talousrikokset<\/li>\n\n\n\n<li>rahanpesun ja terrorismin rahoittamisen est\u00e4minen<\/li>\n\n\n\n<li>ihmisoikeudet<\/li>\n\n\n\n<li>korruption torjunta<\/li>\n\n\n\n<li>ymp\u00e4rist\u00f6nsuojelu<\/li>\n\n\n\n<li>s\u00e4teily- ja ydinturvallisuus<\/li>\n\n\n\n<li>elintarvikkeet, rehut ja el\u00e4imet<\/li>\n\n\n\n<li>kansanterveys<\/li>\n\n\n\n<li>yksityisyys ja henkil\u00f6tiedot sek\u00e4 verkko- ja tietoj\u00e4rjestelm\u00e4t.<\/li>\n<\/ul>\n\n\n\n<p>Jos asia koskee vaikkapa tyytym\u00e4tt\u00f6myytt\u00e4 ty\u00f6paikalla tai muuta vastaavaa, ota yhteytt\u00e4 esihenkil\u00f6ihisi. T\u00e4llaiset arjen tilanteet eiv\u00e4t kuulu whistleblowing -s\u00e4\u00e4ntelyn piiriin.<\/p>\n\n\n\n<h3 class=\"wp-block-heading\"><strong>Ketk\u00e4 ilmoituksia k\u00e4sittelev\u00e4t ja miten k\u00e4sittelyprosessi etenee?<\/strong><\/h3>\n\n\n\n<p>First Whistle -palveluun j\u00e4tettyihin ilmoituksiin on p\u00e4\u00e4sy vain nimetyll\u00e4 whistleblowing-tiimill\u00e4. Gainerin whistleblowing -tiimiin kuuluvat toimitusjohtaja Elina Ter\u00e4svirta ja ulkoinen kumppani Jani Karjalainen.<\/p>\n\n\n\n<p>Ilmoitusten k\u00e4sittelij\u00e4t varmistavat, ett\u00e4 ilmoitus kuuluu lain soveltamisalaan, ja hankkivat tarvittavat lis\u00e4tiedot. Tiimi esitt\u00e4\u00e4 tarvittaessa lis\u00e4kysymyksi\u00e4 nimett\u00f6m\u00e4n ilmoituskanavan kautta. T\u00e4m\u00e4n j\u00e4lkeen k\u00e4sittelij\u00e4t arvioivat, mit\u00e4 toimia ilmoituksen selvitt\u00e4minen voi tarvita.&nbsp;<\/p>\n\n\n\n<p>Ilmoituksen k\u00e4sittelyyn tai jatkotoimenpiteist\u00e4 p\u00e4\u00e4tt\u00e4miseen ei osallistu sellaisia henkil\u00f6it\u00e4, jotka ovat itse ilmoituksen kohteena tai joilla on suoria yhteyksi\u00e4 ilmoitettuun toimintaan. First Whistle -palvelu tallentaa my\u00f6s kaiken k\u00e4sittelij\u00f6iden toiminnan, eik\u00e4 kukaan k\u00e4sittelij\u00f6ist\u00e4 pysty esim. poistamaan tai arkistoimaan ilmoituksia ilman ett\u00e4 muut k\u00e4sittelij\u00e4t sen huomaisivat.<br><br>Selvityksen laajuus ja kokonaiskesto voivat vaihdella ilmoituksen luonteesta, sis\u00e4ll\u00f6st\u00e4 tai siin\u00e4 annetuista tiedoista johtuen. Yksinkertaiset ja yksityiskohtaisesti ilmoitetut tiedot on helpompi selvitt\u00e4\u00e4 kuin monimutkaiset tapaukset tai puutteellisesti tehdyt ilmoitukset. Viimeist\u00e4\u00e4n kolmen kuukauden kuluttua ilmoittajalla on oikeus kuulla mihin tuloksiin tutkinta p\u00e4\u00e4tyi.<br><br>Jos ilmoituksen tutkinta johtaa ep\u00e4ilyyn tehdyst\u00e4 rikoksesta, v\u00e4lit\u00e4mme tiedot ilmoituksesta viranomaisille ja muille tahoille tai yksil\u00f6ille, jotka osallistuvat esitutkintaan ja joille tietoja tulee lain puitteissa luovuttaa.&nbsp;<\/p>\n\n\n\n<h3 class=\"wp-block-heading\"><strong>Kuinka ilmoittajaa suojellaan?<\/strong><\/h3>\n\n\n\n<p>Ilmoituskanava on suunniteltu suojelemaan ilmoittajan henkil\u00f6llisyytt\u00e4 kaikissa ilmoituksen tekemiseen liittyviss\u00e4 vaiheissa, ja ilmoittajaa suojaavat ilmoittajansuojalain asettamat salassapitovelvoitteet.&nbsp;<\/p>\n\n\n\n<p>Ilmoittajan henkil\u00f6llisyyden paljastaminen on sallittua vain laissa tarkkaan s\u00e4\u00e4dellyiss\u00e4 tilanteissa ilmoituksen selvitt\u00e4miseen liittyen.&nbsp;<\/p>\n\n\n\n<p>Ilmoittajaan ei saa kohdistua mit\u00e4\u00e4n vastatoimia, negatiivisia seuraamuksia, tai henkil\u00f6kohtaisia haittoja.&nbsp;<\/p>\n\n\n\n<h3 class=\"wp-block-heading\"><strong>Keskitetty ulkoinen ilmoituskanava<\/strong><\/h3>\n\n\n\n<p>Gainerin sis\u00e4isen ilmoituskanavan lis\u00e4ksi ilmoittajansuojalailla on perustettu oikeuskanslerin yll\u00e4pit\u00e4m\u00e4 keskitetty ulkoinen ilmoituskanava. T\u00e4t\u00e4 voi k\u00e4ytt\u00e4\u00e4 tilanteessa, jossa sis\u00e4isen ilmoituksen perusteella ei ole ryhdytty toimenpiteisiin, rikkomiseen ei voida puuttua tehokkaasti sis\u00e4isen ilmoituksen perusteella tai jos ilmoittajalla on syy uskoa, ett\u00e4 h\u00e4n on vaarassa joutua sis\u00e4iseen kanavaan ilmoittamisen vuoksi vastatoimien kohteeksi.&nbsp;<\/p>\n\n\n\n<p><strong>Lis\u00e4tietoja<\/strong><\/p>\n\n\n\n<ul class=\"wp-block-list\">\n<li>T\u00e4sm\u00e4lliset m\u00e4\u00e4r\u00e4ykset mm. ilmoittajansuojalain soveltamisalasta ja salassapitovelvoitteista:&nbsp;<a href=\"https:\/\/www.finlex.fi\/fi\/laki\/alkup\/2022\/20221171\">Ilmoittajansuojalaki<\/a><\/li>\n\n\n\n<li>Lis\u00e4tietoja keskitetyst\u00e4 ulkoisesta ilmoituskanavasta:<a href=\"https:\/\/oikeuskansleri.fi\/ilmoittajansuojelu\">&nbsp;Valtioneuvoston oikeuskansleri \u2013 Ilmoittajansuojelu<\/a><\/li>\n<\/ul>\n\n\n\n<h3 class=\"wp-block-heading\"><strong>V\u00e4\u00e4rink\u00e4yt\u00f6sten ilmoituskanavan tietosuojailmoitus<\/strong><\/h3>\n\n\n\n<p>Rekisterinpit\u00e4j\u00e4 on Gainer Oy (2699589-4).<\/p>\n\n\n\n<p>Ilmoituksen voi j\u00e4tt\u00e4\u00e4 t\u00e4ysin anonyymisti. Jos ilmoittaja j\u00e4tt\u00e4\u00e4 yhteystietonsa ja\/tai ilmoitus itsess\u00e4\u00e4n sis\u00e4lt\u00e4\u00e4 henkil\u00f6tietoja, vastaa rekisterinpit\u00e4j\u00e4 ilmoituskanavassa k\u00e4sitellyist\u00e4 henkil\u00f6tiedoista.<\/p>\n\n\n\n<p>Henkil\u00f6tietojen k\u00e4sittely perustuu lakis\u00e4\u00e4teiseen velvoitteeseen yll\u00e4pit\u00e4\u00e4 ilmoituskanavaa sek\u00e4 Gainer Oy:n oikeutettuun etuun tiet\u00e4\u00e4 v\u00e4\u00e4rink\u00e4yt\u00f6ksist\u00e4 niihin puuttumiseksi. Henkil\u00f6tietoja k\u00e4sitell\u00e4\u00e4n tehtyjen ilmoitusten selvitt\u00e4miseksi.&nbsp;<\/p>\n\n\n\n<p>Ilmoittaja p\u00e4\u00e4tt\u00e4\u00e4 mit\u00e4 henkil\u00f6tietoja ilmoituksessa on. Jos ilmoituksessa on mukana arkaluontoisia tietoja (esim. etniseen alkuper\u00e4\u00e4n, poliittisiin mielipiteisiin tai terveyteen liittyvi\u00e4 tietoja) on tietojen k\u00e4sittely tarpeellista ilmoituskanavia koskevan lains\u00e4\u00e4d\u00e4nn\u00f6n nojalla.<\/p>\n\n\n\n<p>Ilmoituksia ja niihin mahdollisesti liittyvi\u00e4 henkil\u00f6tietoja ei siirret\u00e4 ilmoituskanavan ulkopuolelle, poislukien lains\u00e4\u00e4d\u00e4nn\u00f6n sallimat ja velvoittamat tilanteet, kuten esim. mahdolliset viranomaisvaateet rikostutkintaan eteneviss\u00e4 selvityksiss\u00e4.<\/p>\n\n\n\n<p>Ilmoituksiin ja niiden sis\u00e4lt\u00e4miin henkil\u00f6tietoihin p\u00e4\u00e4sev\u00e4t k\u00e4siksi vain Gainer Oy:n whistleblowing -tiimin j\u00e4senet. P\u00e4\u00e4sy on rajattu kaksivaiheisella tunnistautumisella.<\/p>\n\n\n\n<p>Henkil\u00f6tietoja s\u00e4ilytet\u00e4\u00e4n ilmoituskanavassa vain niin kauan kuin ilmoituksen selvitysty\u00f6 kest\u00e4\u00e4. K\u00e4sittelyn j\u00e4lkeen ilmoitus arkistoidaan whistleblowing-s\u00e4\u00e4d\u00f6sten mukaisia k\u00e4yt\u00e4nteit\u00e4 noudattaen.<\/p>\n\n\n\n<p>Kaikki ilmoitukset ovat suojatussa ja turvatussa ymp\u00e4rist\u00f6ss\u00e4. Kaikki ilmoituskanavaan tallennettu tieto on salattu joka vaiheessa, sek\u00e4 tiedonsiirrossa ett\u00e4 levossa.<\/p>\n\n\n\n<p>Tietoja ei siirret\u00e4 EU-alueen ulkopuolelle, tiedot s\u00e4ilytet\u00e4\u00e4n Amazonin EU-l\u00e4nsi-I -vy\u00f6hykkeell\u00e4 (Irlanti). Amazon vastaa tietoturvallisuudesta omilla palvelimillaan.<\/p>\n\n\n\n<p>Ilmoituskanava mukautuu kansallisiin henkil\u00f6tietojen k\u00e4sittelyn lakeihin sek\u00e4 EU:n yleiseen tietosuoja-asetukseen (GDPR).<\/p>","protected":false},"excerpt":{"rendered":"<p>Miksi ja mik\u00e4 Gainerin ilmoituskanava on? Gainer haluaa edist\u00e4\u00e4 l\u00e4pin\u00e4kyvyytt\u00e4 ja hyv\u00e4\u00e4 etiikkaa kaikessa toiminnassaan. Jos ty\u00f6ntekij\u00e4mme, yhteisty\u00f6kumppanimme tai muu kanssamme tekemisiss\u00e4 oleva taho kohtaa Gainerilla lain vastaista toimintaa tai ep\u00e4ilee rikkomusta, haluamme tiet\u00e4\u00e4 siit\u00e4. Ilmoituskanava on t\u00e4rke\u00e4 ty\u00f6kalu luottamuksen yll\u00e4pit\u00e4miseksi ja v\u00e4\u00e4rink\u00e4yt\u00f6sten havaitsemiseksi. Ensisijaisesti kannustamme keskustelemaan aiheesta l\u00e4hiesihenkil\u00f6n kanssa tai olemaan yhteydess\u00e4 Gainerin johtoon. [&hellip;]<\/p>","protected":false},"author":6,"featured_media":0,"parent":0,"menu_order":0,"comment_status":"closed","ping_status":"closed","template":"","meta":{"site-sidebar-layout":"default","site-content-layout":"","ast-site-content-layout":"default","site-content-style":"default","site-sidebar-style":"default","ast-global-header-display":"","ast-banner-title-visibility":"","ast-main-header-display":"","ast-hfb-above-header-display":"","ast-hfb-below-header-display":"","ast-hfb-mobile-header-display":"","site-post-title":"","ast-breadcrumbs-content":"","ast-featured-img":"","footer-sml-layout":"","theme-transparent-header-meta":"","adv-header-id-meta":"","stick-header-meta":"","header-above-stick-meta":"","header-main-stick-meta":"","header-below-stick-meta":"","astra-migrate-meta-layouts":"set","ast-page-background-enabled":"default","ast-page-background-meta":{"desktop":{"background-color":"","background-image":"","background-repeat":"repeat","background-position":"center center","background-size":"auto","background-attachment":"scroll","background-type":"","background-media":"","overlay-type":"","overlay-color":"","overlay-opacity":"","overlay-gradient":""},"tablet":{"background-color":"","background-image":"","background-repeat":"repeat","background-position":"center center","background-size":"auto","background-attachment":"scroll","background-type":"","background-media":"","overlay-type":"","overlay-color":"","overlay-opacity":"","overlay-gradient":""},"mobile":{"background-color":"","background-image":"","background-repeat":"repeat","background-position":"center center","background-size":"auto","background-attachment":"scroll","background-type":"","background-media":"","overlay-type":"","overlay-color":"","overlay-opacity":"","overlay-gradient":""}},"ast-content-background-meta":{"desktop":{"background-color":"var(--ast-global-color-5)","background-image":"","background-repeat":"repeat","background-position":"center center","background-size":"auto","background-attachment":"scroll","background-type":"","background-media":"","overlay-type":"","overlay-color":"","overlay-opacity":"","overlay-gradient":""},"tablet":{"background-color":"var(--ast-global-color-5)","background-image":"","background-repeat":"repeat","background-position":"center center","background-size":"auto","background-attachment":"scroll","background-type":"","background-media":"","overlay-type":"","overlay-color":"","overlay-opacity":"","overlay-gradient":""},"mobile":{"background-color":"var(--ast-global-color-5)","background-image":"","background-repeat":"repeat","background-position":"center center","background-size":"auto","background-attachment":"scroll","background-type":"","background-media":"","overlay-type":"","overlay-color":"","overlay-opacity":"","overlay-gradient":""}},"footnotes":""},"class_list":["post-3816","page","type-page","status-publish","hentry"],"yoast_head":"<!-- This site is optimized with the Yoast SEO plugin v27.5 - https:\/\/yoast.com\/product\/yoast-seo-wordpress\/ -->\n<title>Whistleblowing -ilmoituskanava - Gainer<\/title>\n<meta name=\"description\" content=\"Gainer haluaa edist\u00e4\u00e4 l\u00e4pin\u00e4kyvyytt\u00e4 ja hyv\u00e4\u00e4 etiikkaa kaikessa toiminnassaan.\" \/>\n<meta name=\"robots\" content=\"index, follow, max-snippet:-1, max-image-preview:large, max-video-preview:-1\" \/>\n<link rel=\"canonical\" href=\"https:\/\/gainer.fi\/en\/whistleblowing-ilmoituskanava\/\" \/>\n<meta property=\"og:locale\" content=\"en_GB\" \/>\n<meta property=\"og:type\" content=\"article\" \/>\n<meta property=\"og:title\" content=\"Whistleblowing -ilmoituskanava - Gainer\" \/>\n<meta property=\"og:description\" content=\"Gainer haluaa edist\u00e4\u00e4 l\u00e4pin\u00e4kyvyytt\u00e4 ja hyv\u00e4\u00e4 etiikkaa kaikessa toiminnassaan.\" \/>\n<meta property=\"og:url\" content=\"https:\/\/gainer.fi\/en\/whistleblowing-ilmoituskanava\/\" \/>\n<meta property=\"og:site_name\" content=\"Gainer\" \/>\n<meta property=\"article:modified_time\" content=\"2026-01-29T13:35:55+00:00\" \/>\n<meta name=\"twitter:card\" content=\"summary_large_image\" \/>\n<meta name=\"twitter:label1\" content=\"Estimated reading time\" \/>\n\t<meta name=\"twitter:data1\" content=\"5 minutes\" \/>\n<script type=\"application\/ld+json\" class=\"yoast-schema-graph\">{\"@context\":\"https:\\\/\\\/schema.org\",\"@graph\":[{\"@type\":\"WebPage\",\"@id\":\"https:\\\/\\\/gainer.fi\\\/whistleblowing-ilmoituskanava\\\/\",\"url\":\"https:\\\/\\\/gainer.fi\\\/whistleblowing-ilmoituskanava\\\/\",\"name\":\"Whistleblowing -ilmoituskanava - Gainer\",\"isPartOf\":{\"@id\":\"https:\\\/\\\/gainer.fi\\\/#website\"},\"datePublished\":\"2024-02-16T12:23:53+00:00\",\"dateModified\":\"2026-01-29T13:35:55+00:00\",\"description\":\"Gainer haluaa edist\u00e4\u00e4 l\u00e4pin\u00e4kyvyytt\u00e4 ja hyv\u00e4\u00e4 etiikkaa kaikessa toiminnassaan.\",\"breadcrumb\":{\"@id\":\"https:\\\/\\\/gainer.fi\\\/whistleblowing-ilmoituskanava\\\/#breadcrumb\"},\"inLanguage\":\"en-GB\",\"potentialAction\":[{\"@type\":\"ReadAction\",\"target\":[\"https:\\\/\\\/gainer.fi\\\/whistleblowing-ilmoituskanava\\\/\"]}]},{\"@type\":\"BreadcrumbList\",\"@id\":\"https:\\\/\\\/gainer.fi\\\/whistleblowing-ilmoituskanava\\\/#breadcrumb\",\"itemListElement\":[{\"@type\":\"ListItem\",\"position\":1,\"name\":\"Home\",\"item\":\"https:\\\/\\\/gainer.fi\\\/\"},{\"@type\":\"ListItem\",\"position\":2,\"name\":\"Whistleblowing -ilmoituskanava\"}]},{\"@type\":\"WebSite\",\"@id\":\"https:\\\/\\\/gainer.fi\\\/#website\",\"url\":\"https:\\\/\\\/gainer.fi\\\/\",\"name\":\"Gainer\",\"description\":\"Gainer\",\"publisher\":{\"@id\":\"https:\\\/\\\/gainer.fi\\\/#organization\"},\"potentialAction\":[{\"@type\":\"SearchAction\",\"target\":{\"@type\":\"EntryPoint\",\"urlTemplate\":\"https:\\\/\\\/gainer.fi\\\/?s={search_term_string}\"},\"query-input\":{\"@type\":\"PropertyValueSpecification\",\"valueRequired\":true,\"valueName\":\"search_term_string\"}}],\"inLanguage\":\"en-GB\"},{\"@type\":\"Organization\",\"@id\":\"https:\\\/\\\/gainer.fi\\\/#organization\",\"name\":\"Gainer\",\"url\":\"https:\\\/\\\/gainer.fi\\\/\",\"logo\":{\"@type\":\"ImageObject\",\"inLanguage\":\"en-GB\",\"@id\":\"https:\\\/\\\/gainer.fi\\\/#\\\/schema\\\/logo\\\/image\\\/\",\"url\":\"https:\\\/\\\/gainer.fi\\\/wp-content\\\/uploads\\\/2021\\\/02\\\/Gainer-logo.png\",\"contentUrl\":\"https:\\\/\\\/gainer.fi\\\/wp-content\\\/uploads\\\/2021\\\/02\\\/Gainer-logo.png\",\"width\":1000,\"height\":239,\"caption\":\"Gainer\"},\"image\":{\"@id\":\"https:\\\/\\\/gainer.fi\\\/#\\\/schema\\\/logo\\\/image\\\/\"}}]}<\/script>\n<!-- \/ Yoast SEO plugin. -->","yoast_head_json":{"title":"Whistleblowing -ilmoituskanava - Gainer","description":"Gainer haluaa edist\u00e4\u00e4 l\u00e4pin\u00e4kyvyytt\u00e4 ja hyv\u00e4\u00e4 etiikkaa kaikessa toiminnassaan.","robots":{"index":"index","follow":"follow","max-snippet":"max-snippet:-1","max-image-preview":"max-image-preview:large","max-video-preview":"max-video-preview:-1"},"canonical":"https:\/\/gainer.fi\/en\/whistleblowing-ilmoituskanava\/","og_locale":"en_GB","og_type":"article","og_title":"Whistleblowing -ilmoituskanava - Gainer","og_description":"Gainer haluaa edist\u00e4\u00e4 l\u00e4pin\u00e4kyvyytt\u00e4 ja hyv\u00e4\u00e4 etiikkaa kaikessa toiminnassaan.","og_url":"https:\/\/gainer.fi\/en\/whistleblowing-ilmoituskanava\/","og_site_name":"Gainer","article_modified_time":"2026-01-29T13:35:55+00:00","twitter_card":"summary_large_image","twitter_misc":{"Estimated reading time":"5 minutes"},"schema":{"@context":"https:\/\/schema.org","@graph":[{"@type":"WebPage","@id":"https:\/\/gainer.fi\/whistleblowing-ilmoituskanava\/","url":"https:\/\/gainer.fi\/whistleblowing-ilmoituskanava\/","name":"Whistleblowing -ilmoituskanava - Gainer","isPartOf":{"@id":"https:\/\/gainer.fi\/#website"},"datePublished":"2024-02-16T12:23:53+00:00","dateModified":"2026-01-29T13:35:55+00:00","description":"Gainer haluaa edist\u00e4\u00e4 l\u00e4pin\u00e4kyvyytt\u00e4 ja hyv\u00e4\u00e4 etiikkaa kaikessa toiminnassaan.","breadcrumb":{"@id":"https:\/\/gainer.fi\/whistleblowing-ilmoituskanava\/#breadcrumb"},"inLanguage":"en-GB","potentialAction":[{"@type":"ReadAction","target":["https:\/\/gainer.fi\/whistleblowing-ilmoituskanava\/"]}]},{"@type":"BreadcrumbList","@id":"https:\/\/gainer.fi\/whistleblowing-ilmoituskanava\/#breadcrumb","itemListElement":[{"@type":"ListItem","position":1,"name":"Home","item":"https:\/\/gainer.fi\/"},{"@type":"ListItem","position":2,"name":"Whistleblowing -ilmoituskanava"}]},{"@type":"WebSite","@id":"https:\/\/gainer.fi\/#website","url":"https:\/\/gainer.fi\/","name":"Gainer","description":"Gainer","publisher":{"@id":"https:\/\/gainer.fi\/#organization"},"potentialAction":[{"@type":"SearchAction","target":{"@type":"EntryPoint","urlTemplate":"https:\/\/gainer.fi\/?s={search_term_string}"},"query-input":{"@type":"PropertyValueSpecification","valueRequired":true,"valueName":"search_term_string"}}],"inLanguage":"en-GB"},{"@type":"Organization","@id":"https:\/\/gainer.fi\/#organization","name":"Gainer","url":"https:\/\/gainer.fi\/","logo":{"@type":"ImageObject","inLanguage":"en-GB","@id":"https:\/\/gainer.fi\/#\/schema\/logo\/image\/","url":"https:\/\/gainer.fi\/wp-content\/uploads\/2021\/02\/Gainer-logo.png","contentUrl":"https:\/\/gainer.fi\/wp-content\/uploads\/2021\/02\/Gainer-logo.png","width":1000,"height":239,"caption":"Gainer"},"image":{"@id":"https:\/\/gainer.fi\/#\/schema\/logo\/image\/"}}]}},"_links":{"self":[{"href":"https:\/\/gainer.fi\/en\/wp-json\/wp\/v2\/pages\/3816","targetHints":{"allow":["GET"]}}],"collection":[{"href":"https:\/\/gainer.fi\/en\/wp-json\/wp\/v2\/pages"}],"about":[{"href":"https:\/\/gainer.fi\/en\/wp-json\/wp\/v2\/types\/page"}],"author":[{"embeddable":true,"href":"https:\/\/gainer.fi\/en\/wp-json\/wp\/v2\/users\/6"}],"replies":[{"embeddable":true,"href":"https:\/\/gainer.fi\/en\/wp-json\/wp\/v2\/comments?post=3816"}],"version-history":[{"count":6,"href":"https:\/\/gainer.fi\/en\/wp-json\/wp\/v2\/pages\/3816\/revisions"}],"predecessor-version":[{"id":17651,"href":"https:\/\/gainer.fi\/en\/wp-json\/wp\/v2\/pages\/3816\/revisions\/17651"}],"wp:attachment":[{"href":"https:\/\/gainer.fi\/en\/wp-json\/wp\/v2\/media?parent=3816"}],"curies":[{"name":"wp","href":"https:\/\/api.w.org\/{rel}","templated":true}]}}