{"id":16404,"date":"2024-03-07T17:15:17","date_gmt":"2024-03-07T14:15:17","guid":{"rendered":"http:\/\/89.166.50.73\/~gainer\/?page_id=16404"},"modified":"2024-03-20T15:28:25","modified_gmt":"2024-03-20T12:28:25","slug":"vastuullisuus","status":"publish","type":"page","link":"https:\/\/gainer.fi\/en\/vastuullisuus\/","title":{"rendered":"CSR"},"content":{"rendered":"<div data-elementor-type=\"wp-page\" data-elementor-id=\"16404\" class=\"elementor elementor-16404\" data-elementor-post-type=\"page\">\n\t\t\t\t<div class=\"elementor-element elementor-element-d0d577d e-flex e-con-boxed e-con e-parent\" data-id=\"d0d577d\" data-element_type=\"container\" data-settings=\"{&quot;background_background&quot;:&quot;classic&quot;}\">\n\t\t\t\t\t<div class=\"e-con-inner\">\n\t\t<div class=\"elementor-element elementor-element-51d6131 e-con-full e-flex e-con e-child\" data-id=\"51d6131\" data-element_type=\"container\" data-settings=\"{&quot;background_background&quot;:&quot;classic&quot;}\">\n\t\t\t\t<div class=\"elementor-element elementor-element-759f60a elementor-widget elementor-widget-heading\" data-id=\"759f60a\" data-element_type=\"widget\" data-widget_type=\"heading.default\">\n\t\t\t\t<div class=\"elementor-widget-container\">\n\t\t\t\t\t<h2 class=\"elementor-heading-title elementor-size-default\">CSR<\/h2>\t\t\t\t<\/div>\n\t\t\t\t<\/div>\n\t\t\t\t<div class=\"elementor-element elementor-element-dc8fb7b elementor-widget elementor-widget-heading\" data-id=\"dc8fb7b\" data-element_type=\"widget\" data-widget_type=\"heading.default\">\n\t\t\t\t<div class=\"elementor-widget-container\">\n\t\t\t\t\t<h2 class=\"elementor-heading-title elementor-size-default\">We create success and a better tomorrow<\/h2>\t\t\t\t<\/div>\n\t\t\t\t<\/div>\n\t\t\t\t<div class=\"elementor-element elementor-element-6c7225b elementor-widget elementor-widget-text-editor\" data-id=\"6c7225b\" data-element_type=\"widget\" data-widget_type=\"text-editor.default\">\n\t\t\t\t<div class=\"elementor-widget-container\">\n\t\t\t\t\t\t\t\t\t<p>Responsibility communicates the important principles of Gainer's operations that promote sustainable future and are genuinely reflected in our everyday work.<\/p>\t\t\t\t\t\t\t\t<\/div>\n\t\t\t\t<\/div>\n\t\t\t\t<\/div>\n\t\t\t\t\t<\/div>\n\t\t\t\t<\/div>\n\t\t<div class=\"elementor-element elementor-element-058b514 e-flex e-con-boxed e-con e-parent\" data-id=\"058b514\" data-element_type=\"container\" data-settings=\"{&quot;background_background&quot;:&quot;classic&quot;}\">\n\t\t\t\t\t<div class=\"e-con-inner\">\n\t\t<div class=\"elementor-element elementor-element-f699add e-con-full e-flex e-con e-child\" data-id=\"f699add\" data-element_type=\"container\" data-settings=\"{&quot;background_background&quot;:&quot;classic&quot;}\">\n\t\t\t\t<div class=\"elementor-element elementor-element-03f48be elementor-widget elementor-widget-heading\" data-id=\"03f48be\" data-element_type=\"widget\" data-widget_type=\"heading.default\">\n\t\t\t\t<div class=\"elementor-widget-container\">\n\t\t\t\t\t<h2 class=\"elementor-heading-title elementor-size-default\">1. Economic Responsibility<\/h2>\t\t\t\t<\/div>\n\t\t\t\t<\/div>\n\t\t\t\t<div class=\"elementor-element elementor-element-31793b8 elementor-widget elementor-widget-text-editor\" data-id=\"31793b8\" data-element_type=\"widget\" data-widget_type=\"text-editor.default\">\n\t\t\t\t<div class=\"elementor-widget-container\">\n\t\t\t\t\t\t\t\t\t<p>We adhere to regulatory obligations and contractual agreements appropriately. We handle all societal and legal obligations exemplary and timely.<\/p><p>Customers are partners to us, with whom we closely collaborate.<\/p><p>We also expect our customers to demonstrate similar responsibility.<\/p>\t\t\t\t\t\t\t\t<\/div>\n\t\t\t\t<\/div>\n\t\t\t\t<\/div>\n\t\t<div class=\"elementor-element elementor-element-cc9d492 e-con-full e-flex e-con e-child\" data-id=\"cc9d492\" data-element_type=\"container\" data-settings=\"{&quot;background_background&quot;:&quot;classic&quot;}\">\n\t\t\t\t<div class=\"elementor-element elementor-element-c7b07db elementor-widget elementor-widget-image\" data-id=\"c7b07db\" data-element_type=\"widget\" data-widget_type=\"image.default\">\n\t\t\t\t<div class=\"elementor-widget-container\">\n\t\t\t\t\t\t\t\t\t\t\t\t\t\t\t<img fetchpriority=\"high\" decoding=\"async\" width=\"1024\" height=\"1024\" src=\"https:\/\/gainer.fi\/wp-content\/uploads\/2024\/03\/Gainer.fi-3.jpeg\" class=\"attachment-large size-large wp-image-16435\" alt=\"Gainer.fi\" srcset=\"https:\/\/gainer.fi\/wp-content\/uploads\/2024\/03\/Gainer.fi-3.jpeg 1024w, https:\/\/gainer.fi\/wp-content\/uploads\/2024\/03\/Gainer.fi-3-300x300.jpeg 300w, https:\/\/gainer.fi\/wp-content\/uploads\/2024\/03\/Gainer.fi-3-150x150.jpeg 150w, https:\/\/gainer.fi\/wp-content\/uploads\/2024\/03\/Gainer.fi-3-768x768.jpeg 768w, https:\/\/gainer.fi\/wp-content\/uploads\/2024\/03\/Gainer.fi-3-12x12.jpeg 12w\" sizes=\"(max-width: 1024px) 100vw, 1024px\" \/>\t\t\t\t\t\t\t\t\t\t\t\t\t\t\t<\/div>\n\t\t\t\t<\/div>\n\t\t\t\t<\/div>\n\t\t\t\t\t<\/div>\n\t\t\t\t<\/div>\n\t\t<div class=\"elementor-element elementor-element-78081ba e-flex e-con-boxed e-con e-parent\" data-id=\"78081ba\" data-element_type=\"container\" data-settings=\"{&quot;background_background&quot;:&quot;classic&quot;}\">\n\t\t\t\t\t<div class=\"e-con-inner\">\n\t\t<div class=\"elementor-element elementor-element-04819ab e-con-full e-flex e-con e-child\" data-id=\"04819ab\" data-element_type=\"container\" data-settings=\"{&quot;background_background&quot;:&quot;classic&quot;}\">\n\t\t\t\t<div class=\"elementor-element elementor-element-940b140 elementor-widget elementor-widget-image\" data-id=\"940b140\" data-element_type=\"widget\" data-widget_type=\"image.default\">\n\t\t\t\t<div class=\"elementor-widget-container\">\n\t\t\t\t\t\t\t\t\t\t\t\t\t\t\t<img decoding=\"async\" width=\"1024\" height=\"1024\" src=\"https:\/\/gainer.fi\/wp-content\/uploads\/2024\/03\/Gainer-vastuullisuus.jpeg\" class=\"attachment-large size-large wp-image-16432\" alt=\"Gainer.fi\" srcset=\"https:\/\/gainer.fi\/wp-content\/uploads\/2024\/03\/Gainer-vastuullisuus.jpeg 1024w, https:\/\/gainer.fi\/wp-content\/uploads\/2024\/03\/Gainer-vastuullisuus-300x300.jpeg 300w, https:\/\/gainer.fi\/wp-content\/uploads\/2024\/03\/Gainer-vastuullisuus-150x150.jpeg 150w, https:\/\/gainer.fi\/wp-content\/uploads\/2024\/03\/Gainer-vastuullisuus-768x768.jpeg 768w, https:\/\/gainer.fi\/wp-content\/uploads\/2024\/03\/Gainer-vastuullisuus-12x12.jpeg 12w\" sizes=\"(max-width: 1024px) 100vw, 1024px\" \/>\t\t\t\t\t\t\t\t\t\t\t\t\t\t\t<\/div>\n\t\t\t\t<\/div>\n\t\t\t\t<\/div>\n\t\t<div class=\"elementor-element elementor-element-f001cb8 e-con-full e-flex e-con e-child\" data-id=\"f001cb8\" data-element_type=\"container\" data-settings=\"{&quot;background_background&quot;:&quot;classic&quot;}\">\n\t\t\t\t<div class=\"elementor-element elementor-element-5b59aba elementor-widget elementor-widget-heading\" data-id=\"5b59aba\" data-element_type=\"widget\" data-widget_type=\"heading.default\">\n\t\t\t\t<div class=\"elementor-widget-container\">\n\t\t\t\t\t<h2 class=\"elementor-heading-title elementor-size-default\">2. Environmental Responsibility<\/h2>\t\t\t\t<\/div>\n\t\t\t\t<\/div>\n\t\t\t\t<div class=\"elementor-element elementor-element-16a9c57 elementor-widget elementor-widget-text-editor\" data-id=\"16a9c57\" data-element_type=\"widget\" data-widget_type=\"text-editor.default\">\n\t\t\t\t<div class=\"elementor-widget-container\">\n\t\t\t\t\t\t\t\t\t<p>We make purchases based on need and with consideration. In procurement, we prioritize longevity and ecological factors.<\/p><p>The amount of our daily waste is minimal, and all waste is sorted. Machines and equipment are recycled through recycling professionals.<\/p><p>We minimize paper usage by conducting documentation, archiving, and data transfer electronically\/digitally. We also encourage our customers to do the same.<\/p>\t\t\t\t\t\t\t\t<\/div>\n\t\t\t\t<\/div>\n\t\t\t\t<\/div>\n\t\t\t\t\t<\/div>\n\t\t\t\t<\/div>\n\t\t<div class=\"elementor-element elementor-element-5f3b51e e-flex e-con-boxed e-con e-parent\" data-id=\"5f3b51e\" data-element_type=\"container\" data-settings=\"{&quot;background_background&quot;:&quot;classic&quot;}\">\n\t\t\t\t\t<div class=\"e-con-inner\">\n\t\t<div class=\"elementor-element elementor-element-6099746 e-con-full e-flex e-con e-child\" data-id=\"6099746\" data-element_type=\"container\" data-settings=\"{&quot;background_background&quot;:&quot;classic&quot;}\">\n\t\t\t\t<div class=\"elementor-element elementor-element-6a47aaa elementor-widget elementor-widget-heading\" data-id=\"6a47aaa\" data-element_type=\"widget\" data-widget_type=\"heading.default\">\n\t\t\t\t<div class=\"elementor-widget-container\">\n\t\t\t\t\t<h2 class=\"elementor-heading-title elementor-size-default\">3. Social and Societal Responsibility<\/h2>\t\t\t\t<\/div>\n\t\t\t\t<\/div>\n\t\t\t\t<div class=\"elementor-element elementor-element-e91b21c elementor-widget elementor-widget-text-editor\" data-id=\"e91b21c\" data-element_type=\"widget\" data-widget_type=\"text-editor.default\">\n\t\t\t\t<div class=\"elementor-widget-container\">\n\t\t\t\t\t\t\t\t\t<p>Our work holds broad societal significance; we assist charities and organizations producing social and health-related well-being in their fundraising activities. In 2023, we made over 185,000 fundraising contacts for our clients, of which 26,000 were successful. We understand our responsibility in representing our clients in our work.<\/p><p>We always aim to provide skills and abilities useful for all our employees throughout their lives through work. These include communication and interpersonal skills as well as community-oriented and considerate work practices.<\/p><p>We offer employment to everyone and all types of employees; those with partial disabilities, different life situations, and ages. Over half of our employees are over 55 years old. We consider each individual's skills, background, and interests in job planning and task execution.<\/p><p>We understand the diversity of our employees in its broadest sense. We invest in community and provide a socially safe working environment. We treat all Gainer employees equally in different situations.<\/p>\t\t\t\t\t\t\t\t<\/div>\n\t\t\t\t<\/div>\n\t\t\t\t<\/div>\n\t\t\t\t\t<\/div>\n\t\t\t\t<\/div>\n\t\t\t\t<\/div>","protected":false},"excerpt":{"rendered":"<p>Vastuullisuus Luomme onnistumista ja parempaa huomista Vastuullisuus viestii Gainerin toiminnan ne t\u00e4rke\u00e4t periaatteet, jotka edist\u00e4v\u00e4t kest\u00e4v\u00e4\u00e4 tulevaisuutta ja my\u00f6s n\u00e4kyv\u00e4t aidosti jokap\u00e4iv\u00e4isess\u00e4 ty\u00f6ss\u00e4mme. 1. Taloudellinen vastuullisuus Noudatamme viranomaisvelvoitteita ja tehtyj\u00e4 sopimuksia asianmukaisesti. Hoidamme kaikki yhteiskunnalliset ja lakis\u00e4\u00e4teiset velvoitteet mallikelpoisesti ja oikea-aikaisesti. Asiakkaat ovat meille kumppaneita, joiden kanssa toimimme tiiviiss\u00e4 yhteisty\u00f6ss\u00e4. Odotamme my\u00f6s asiakkailtamme edell\u00e4 mainitun [&hellip;]<\/p>","protected":false},"author":6,"featured_media":2623,"parent":0,"menu_order":0,"comment_status":"closed","ping_status":"closed","template":"","meta":{"site-sidebar-layout":"no-sidebar","site-content-layout":"page-builder","ast-site-content-layout":"full-width-container","site-content-style":"unboxed","site-sidebar-style":"unboxed","ast-global-header-display":"","ast-banner-title-visibility":"","ast-main-header-display":"","ast-hfb-above-header-display":"","ast-hfb-below-header-display":"","ast-hfb-mobile-header-display":"","site-post-title":"disabled","ast-breadcrumbs-content":"","ast-featured-img":"disabled","footer-sml-layout":"","theme-transparent-header-meta":"enabled","adv-header-id-meta":"","stick-header-meta":"","header-above-stick-meta":"","header-main-stick-meta":"","header-below-stick-meta":"","astra-migrate-meta-layouts":"set","ast-page-background-enabled":"default","ast-page-background-meta":{"desktop":{"background-color":"","background-image":"","background-repeat":"repeat","background-position":"center center","background-size":"auto","background-attachment":"scroll","background-type":"","background-media":"","overlay-type":"","overlay-color":"","overlay-opacity":"","overlay-gradient":""},"tablet":{"background-color":"","background-image":"","background-repeat":"repeat","background-position":"center center","background-size":"auto","background-attachment":"scroll","background-type":"","background-media":"","overlay-type":"","overlay-color":"","overlay-opacity":"","overlay-gradient":""},"mobile":{"background-color":"","background-image":"","background-repeat":"repeat","background-position":"center center","background-size":"auto","background-attachment":"scroll","background-type":"","background-media":"","overlay-type":"","overlay-color":"","overlay-opacity":"","overlay-gradient":""}},"ast-content-background-meta":{"desktop":{"background-color":"var(--ast-global-color-5)","background-image":"","background-repeat":"repeat","background-position":"center center","background-size":"auto","background-attachment":"scroll","background-type":"","background-media":"","overlay-type":"","overlay-color":"","overlay-opacity":"","overlay-gradient":""},"tablet":{"background-color":"var(--ast-global-color-5)","background-image":"","background-repeat":"repeat","background-position":"center center","background-size":"auto","background-attachment":"scroll","background-type":"","background-media":"","overlay-type":"","overlay-color":"","overlay-opacity":"","overlay-gradient":""},"mobile":{"background-color":"var(--ast-global-color-5)","background-image":"","background-repeat":"repeat","background-position":"center center","background-size":"auto","background-attachment":"scroll","background-type":"","background-media":"","overlay-type":"","overlay-color":"","overlay-opacity":"","overlay-gradient":""}},"footnotes":""},"class_list":["post-16404","page","type-page","status-publish","has-post-thumbnail","hentry"],"yoast_head":"<!-- This site is optimized with the Yoast SEO plugin v27.5 - https:\/\/yoast.com\/product\/yoast-seo-wordpress\/ -->\n<title>Vastuullisuus - Gainer<\/title>\n<meta name=\"description\" content=\"Vastuullisuus viestii Gainerin toiminnan ne t\u00e4rke\u00e4t periaatteet, jotka edist\u00e4v\u00e4t kest\u00e4v\u00e4\u00e4 tulevaisuutta ja my\u00f6s n\u00e4kyv\u00e4t aidosti jokap\u00e4iv\u00e4isess\u00e4 ty\u00f6ss\u00e4mme.\" \/>\n<meta name=\"robots\" content=\"index, follow, max-snippet:-1, max-image-preview:large, max-video-preview:-1\" \/>\n<link rel=\"canonical\" href=\"https:\/\/gainer.fi\/en\/vastuullisuus\/\" \/>\n<meta property=\"og:locale\" content=\"en_GB\" \/>\n<meta property=\"og:type\" content=\"article\" \/>\n<meta property=\"og:title\" content=\"Vastuullisuus - Gainer\" \/>\n<meta property=\"og:description\" content=\"Vastuullisuus viestii Gainerin toiminnan ne t\u00e4rke\u00e4t periaatteet, jotka edist\u00e4v\u00e4t kest\u00e4v\u00e4\u00e4 tulevaisuutta ja my\u00f6s n\u00e4kyv\u00e4t aidosti jokap\u00e4iv\u00e4isess\u00e4 ty\u00f6ss\u00e4mme.\" \/>\n<meta property=\"og:url\" content=\"https:\/\/gainer.fi\/en\/vastuullisuus\/\" \/>\n<meta property=\"og:site_name\" content=\"Gainer\" \/>\n<meta property=\"article:modified_time\" content=\"2024-03-20T12:28:25+00:00\" \/>\n<meta property=\"og:image\" content=\"https:\/\/gainer.fi\/wp-content\/uploads\/2024\/02\/Gainer-4.jpg\" \/>\n\t<meta property=\"og:image:width\" content=\"1300\" \/>\n\t<meta property=\"og:image:height\" content=\"581\" \/>\n\t<meta property=\"og:image:type\" content=\"image\/jpeg\" \/>\n<meta name=\"twitter:card\" content=\"summary_large_image\" \/>\n<meta name=\"twitter:label1\" content=\"Estimated reading time\" \/>\n\t<meta name=\"twitter:data1\" content=\"2 minutes\" \/>\n<script type=\"application\/ld+json\" class=\"yoast-schema-graph\">{\"@context\":\"https:\\\/\\\/schema.org\",\"@graph\":[{\"@type\":\"WebPage\",\"@id\":\"https:\\\/\\\/gainer.fi\\\/vastuullisuus\\\/\",\"url\":\"https:\\\/\\\/gainer.fi\\\/vastuullisuus\\\/\",\"name\":\"Vastuullisuus - Gainer\",\"isPartOf\":{\"@id\":\"https:\\\/\\\/gainer.fi\\\/#website\"},\"primaryImageOfPage\":{\"@id\":\"https:\\\/\\\/gainer.fi\\\/vastuullisuus\\\/#primaryimage\"},\"image\":{\"@id\":\"https:\\\/\\\/gainer.fi\\\/vastuullisuus\\\/#primaryimage\"},\"thumbnailUrl\":\"https:\\\/\\\/gainer.fi\\\/wp-content\\\/uploads\\\/2024\\\/02\\\/Gainer-4.jpg\",\"datePublished\":\"2024-03-07T14:15:17+00:00\",\"dateModified\":\"2024-03-20T12:28:25+00:00\",\"description\":\"Vastuullisuus viestii Gainerin toiminnan ne t\u00e4rke\u00e4t periaatteet, jotka edist\u00e4v\u00e4t kest\u00e4v\u00e4\u00e4 tulevaisuutta ja my\u00f6s n\u00e4kyv\u00e4t aidosti jokap\u00e4iv\u00e4isess\u00e4 ty\u00f6ss\u00e4mme.\",\"breadcrumb\":{\"@id\":\"https:\\\/\\\/gainer.fi\\\/vastuullisuus\\\/#breadcrumb\"},\"inLanguage\":\"en-GB\",\"potentialAction\":[{\"@type\":\"ReadAction\",\"target\":[\"https:\\\/\\\/gainer.fi\\\/vastuullisuus\\\/\"]}]},{\"@type\":\"ImageObject\",\"inLanguage\":\"en-GB\",\"@id\":\"https:\\\/\\\/gainer.fi\\\/vastuullisuus\\\/#primaryimage\",\"url\":\"https:\\\/\\\/gainer.fi\\\/wp-content\\\/uploads\\\/2024\\\/02\\\/Gainer-4.jpg\",\"contentUrl\":\"https:\\\/\\\/gainer.fi\\\/wp-content\\\/uploads\\\/2024\\\/02\\\/Gainer-4.jpg\",\"width\":1300,\"height\":581,\"caption\":\"Gainer\"},{\"@type\":\"BreadcrumbList\",\"@id\":\"https:\\\/\\\/gainer.fi\\\/vastuullisuus\\\/#breadcrumb\",\"itemListElement\":[{\"@type\":\"ListItem\",\"position\":1,\"name\":\"Home\",\"item\":\"https:\\\/\\\/gainer.fi\\\/\"},{\"@type\":\"ListItem\",\"position\":2,\"name\":\"Vastuullisuus\"}]},{\"@type\":\"WebSite\",\"@id\":\"https:\\\/\\\/gainer.fi\\\/#website\",\"url\":\"https:\\\/\\\/gainer.fi\\\/\",\"name\":\"Gainer\",\"description\":\"Gainer\",\"publisher\":{\"@id\":\"https:\\\/\\\/gainer.fi\\\/#organization\"},\"potentialAction\":[{\"@type\":\"SearchAction\",\"target\":{\"@type\":\"EntryPoint\",\"urlTemplate\":\"https:\\\/\\\/gainer.fi\\\/?s={search_term_string}\"},\"query-input\":{\"@type\":\"PropertyValueSpecification\",\"valueRequired\":true,\"valueName\":\"search_term_string\"}}],\"inLanguage\":\"en-GB\"},{\"@type\":\"Organization\",\"@id\":\"https:\\\/\\\/gainer.fi\\\/#organization\",\"name\":\"Gainer\",\"url\":\"https:\\\/\\\/gainer.fi\\\/\",\"logo\":{\"@type\":\"ImageObject\",\"inLanguage\":\"en-GB\",\"@id\":\"https:\\\/\\\/gainer.fi\\\/#\\\/schema\\\/logo\\\/image\\\/\",\"url\":\"https:\\\/\\\/gainer.fi\\\/wp-content\\\/uploads\\\/2021\\\/02\\\/Gainer-logo.png\",\"contentUrl\":\"https:\\\/\\\/gainer.fi\\\/wp-content\\\/uploads\\\/2021\\\/02\\\/Gainer-logo.png\",\"width\":1000,\"height\":239,\"caption\":\"Gainer\"},\"image\":{\"@id\":\"https:\\\/\\\/gainer.fi\\\/#\\\/schema\\\/logo\\\/image\\\/\"}}]}<\/script>\n<!-- \/ Yoast SEO plugin. -->","yoast_head_json":{"title":"Vastuullisuus - Gainer","description":"Responsibility communicates the important principles of Gainer's operations that promote sustainable future and are genuinely reflected in our everyday work.","robots":{"index":"index","follow":"follow","max-snippet":"max-snippet:-1","max-image-preview":"max-image-preview:large","max-video-preview":"max-video-preview:-1"},"canonical":"https:\/\/gainer.fi\/en\/vastuullisuus\/","og_locale":"en_GB","og_type":"article","og_title":"Vastuullisuus - Gainer","og_description":"Vastuullisuus viestii Gainerin toiminnan ne t\u00e4rke\u00e4t periaatteet, jotka edist\u00e4v\u00e4t kest\u00e4v\u00e4\u00e4 tulevaisuutta ja my\u00f6s n\u00e4kyv\u00e4t aidosti jokap\u00e4iv\u00e4isess\u00e4 ty\u00f6ss\u00e4mme.","og_url":"https:\/\/gainer.fi\/en\/vastuullisuus\/","og_site_name":"Gainer","article_modified_time":"2024-03-20T12:28:25+00:00","og_image":[{"width":1300,"height":581,"url":"https:\/\/gainer.fi\/wp-content\/uploads\/2024\/02\/Gainer-4.jpg","type":"image\/jpeg"}],"twitter_card":"summary_large_image","twitter_misc":{"Estimated reading time":"2 minutes"},"schema":{"@context":"https:\/\/schema.org","@graph":[{"@type":"WebPage","@id":"https:\/\/gainer.fi\/vastuullisuus\/","url":"https:\/\/gainer.fi\/vastuullisuus\/","name":"Vastuullisuus - Gainer","isPartOf":{"@id":"https:\/\/gainer.fi\/#website"},"primaryImageOfPage":{"@id":"https:\/\/gainer.fi\/vastuullisuus\/#primaryimage"},"image":{"@id":"https:\/\/gainer.fi\/vastuullisuus\/#primaryimage"},"thumbnailUrl":"https:\/\/gainer.fi\/wp-content\/uploads\/2024\/02\/Gainer-4.jpg","datePublished":"2024-03-07T14:15:17+00:00","dateModified":"2024-03-20T12:28:25+00:00","description":"Responsibility communicates the important principles of Gainer's operations that promote sustainable future and are genuinely reflected in our everyday work.","breadcrumb":{"@id":"https:\/\/gainer.fi\/vastuullisuus\/#breadcrumb"},"inLanguage":"en-GB","potentialAction":[{"@type":"ReadAction","target":["https:\/\/gainer.fi\/vastuullisuus\/"]}]},{"@type":"ImageObject","inLanguage":"en-GB","@id":"https:\/\/gainer.fi\/vastuullisuus\/#primaryimage","url":"https:\/\/gainer.fi\/wp-content\/uploads\/2024\/02\/Gainer-4.jpg","contentUrl":"https:\/\/gainer.fi\/wp-content\/uploads\/2024\/02\/Gainer-4.jpg","width":1300,"height":581,"caption":"Gainer"},{"@type":"BreadcrumbList","@id":"https:\/\/gainer.fi\/vastuullisuus\/#breadcrumb","itemListElement":[{"@type":"ListItem","position":1,"name":"Home","item":"https:\/\/gainer.fi\/"},{"@type":"ListItem","position":2,"name":"Vastuullisuus"}]},{"@type":"WebSite","@id":"https:\/\/gainer.fi\/#website","url":"https:\/\/gainer.fi\/","name":"Gainer","description":"Gainer","publisher":{"@id":"https:\/\/gainer.fi\/#organization"},"potentialAction":[{"@type":"SearchAction","target":{"@type":"EntryPoint","urlTemplate":"https:\/\/gainer.fi\/?s={search_term_string}"},"query-input":{"@type":"PropertyValueSpecification","valueRequired":true,"valueName":"search_term_string"}}],"inLanguage":"en-GB"},{"@type":"Organization","@id":"https:\/\/gainer.fi\/#organization","name":"Gainer","url":"https:\/\/gainer.fi\/","logo":{"@type":"ImageObject","inLanguage":"en-GB","@id":"https:\/\/gainer.fi\/#\/schema\/logo\/image\/","url":"https:\/\/gainer.fi\/wp-content\/uploads\/2021\/02\/Gainer-logo.png","contentUrl":"https:\/\/gainer.fi\/wp-content\/uploads\/2021\/02\/Gainer-logo.png","width":1000,"height":239,"caption":"Gainer"},"image":{"@id":"https:\/\/gainer.fi\/#\/schema\/logo\/image\/"}}]}},"_links":{"self":[{"href":"https:\/\/gainer.fi\/en\/wp-json\/wp\/v2\/pages\/16404","targetHints":{"allow":["GET"]}}],"collection":[{"href":"https:\/\/gainer.fi\/en\/wp-json\/wp\/v2\/pages"}],"about":[{"href":"https:\/\/gainer.fi\/en\/wp-json\/wp\/v2\/types\/page"}],"author":[{"embeddable":true,"href":"https:\/\/gainer.fi\/en\/wp-json\/wp\/v2\/users\/6"}],"replies":[{"embeddable":true,"href":"https:\/\/gainer.fi\/en\/wp-json\/wp\/v2\/comments?post=16404"}],"version-history":[{"count":19,"href":"https:\/\/gainer.fi\/en\/wp-json\/wp\/v2\/pages\/16404\/revisions"}],"predecessor-version":[{"id":16461,"href":"https:\/\/gainer.fi\/en\/wp-json\/wp\/v2\/pages\/16404\/revisions\/16461"}],"wp:featuredmedia":[{"embeddable":true,"href":"https:\/\/gainer.fi\/en\/wp-json\/wp\/v2\/media\/2623"}],"wp:attachment":[{"href":"https:\/\/gainer.fi\/en\/wp-json\/wp\/v2\/media?parent=16404"}],"curies":[{"name":"wp","href":"https:\/\/api.w.org\/{rel}","templated":true}]}}