{"id":16314,"date":"2024-03-06T11:23:39","date_gmt":"2024-03-06T08:23:39","guid":{"rendered":"http:\/\/89.166.50.73\/~gainer\/?page_id=16314"},"modified":"2026-02-04T13:04:14","modified_gmt":"2026-02-04T10:04:14","slug":"b2c-ota-yhteytta","status":"publish","type":"page","link":"https:\/\/gainer.fi\/en\/b2c-ota-yhteytta\/","title":{"rendered":"B2C &#8211; Ota yhteytt\u00e4"},"content":{"rendered":"<div data-elementor-type=\"wp-page\" data-elementor-id=\"16314\" class=\"elementor elementor-16314\" data-elementor-post-type=\"page\">\n\t\t\t\t<div class=\"elementor-element elementor-element-00e01f2 e-flex e-con-boxed e-con e-parent\" data-id=\"00e01f2\" data-element_type=\"container\" data-settings=\"{&quot;background_background&quot;:&quot;classic&quot;}\">\n\t\t\t\t\t<div class=\"e-con-inner\">\n\t\t<div class=\"elementor-element elementor-element-d02d5e9 e-con-full e-flex e-con e-child\" data-id=\"d02d5e9\" data-element_type=\"container\" data-settings=\"{&quot;background_background&quot;:&quot;classic&quot;}\">\n\t\t\t\t<div class=\"elementor-element elementor-element-04fccba elementor-widget elementor-widget-heading\" data-id=\"04fccba\" data-element_type=\"widget\" data-widget_type=\"heading.default\">\n\t\t\t\t<div class=\"elementor-widget-container\">\n\t\t\t\t\t<h2 class=\"elementor-heading-title elementor-size-default\">B2C- palvelut<\/h2>\t\t\t\t<\/div>\n\t\t\t\t<\/div>\n\t\t\t\t<div class=\"elementor-element elementor-element-c81bb63 elementor-widget elementor-widget-text-editor\" data-id=\"c81bb63\" data-element_type=\"widget\" data-widget_type=\"text-editor.default\">\n\t\t\t\t<div class=\"elementor-widget-container\">\n\t\t\t\t\t\t\t\t\t<p>You can leave us a contact request via the form below or schedule a meeting directly with Nina.&nbsp;<\/p>\t\t\t\t\t\t\t\t<\/div>\n\t\t\t\t<\/div>\n\t\t\t\t<div class=\"elementor-element elementor-element-d8b5f22 elementor-widget elementor-widget-button\" data-id=\"d8b5f22\" data-element_type=\"widget\" data-widget_type=\"button.default\">\n\t\t\t\t<div class=\"elementor-widget-container\">\n\t\t\t\t\t\t\t\t\t<div class=\"elementor-button-wrapper\">\n\t\t\t\t\t<a class=\"elementor-button elementor-button-link elementor-size-lg\" href=\"#paketit\">\n\t\t\t\t\t\t<span class=\"elementor-button-content-wrapper\">\n\t\t\t\t\t\t<span class=\"elementor-button-icon\">\n\t\t\t\t<svg xmlns=\"http:\/\/www.w3.org\/2000\/svg\" viewbox=\"0 0 2048 2048\"><path d=\"M6.125 1088h1797.89l-402.976 403 89.994 90L2048 1024l-556.966-557-89.994 90 402.976 403H6.125v128z\"><\/path><\/svg>\t\t\t<\/span>\n\t\t\t\t\t\t\t\t\t<span class=\"elementor-button-text\">Contact Us<\/span>\n\t\t\t\t\t<\/span>\n\t\t\t\t\t<\/a>\n\t\t\t\t<\/div>\n\t\t\t\t\t\t\t\t<\/div>\n\t\t\t\t<\/div>\n\t\t\t\t<div class=\"elementor-element elementor-element-6049bee elementor-widget elementor-widget-button\" data-id=\"6049bee\" data-element_type=\"widget\" data-widget_type=\"button.default\">\n\t\t\t\t<div class=\"elementor-widget-container\">\n\t\t\t\t\t\t\t\t\t<div class=\"elementor-button-wrapper\">\n\t\t\t\t\t<a class=\"elementor-button elementor-button-link elementor-size-lg\" href=\"https:\/\/outlook.office.com\/book\/Myyntitapaamiset@gainer.fi\/\" target=\"_blank\">\n\t\t\t\t\t\t<span class=\"elementor-button-content-wrapper\">\n\t\t\t\t\t\t<span class=\"elementor-button-icon\">\n\t\t\t\t<svg xmlns=\"http:\/\/www.w3.org\/2000\/svg\" viewbox=\"0 0 2048 2048\"><path d=\"M6.125 1088h1797.89l-402.976 403 89.994 90L2048 1024l-556.966-557-89.994 90 402.976 403H6.125v128z\"><\/path><\/svg>\t\t\t<\/span>\n\t\t\t\t\t\t\t\t\t<span class=\"elementor-button-text\">Schedule a meeting<\/span>\n\t\t\t\t\t<\/span>\n\t\t\t\t\t<\/a>\n\t\t\t\t<\/div>\n\t\t\t\t\t\t\t\t<\/div>\n\t\t\t\t<\/div>\n\t\t\t\t<\/div>\n\t\t<div class=\"elementor-element elementor-element-a13847e e-con-full e-flex e-con e-child\" data-id=\"a13847e\" data-element_type=\"container\" data-settings=\"{&quot;background_background&quot;:&quot;classic&quot;}\">\n\t\t\t\t<div class=\"elementor-element elementor-element-97c7d2d elementor-widget elementor-widget-image\" data-id=\"97c7d2d\" data-element_type=\"widget\" data-widget_type=\"image.default\">\n\t\t\t\t<div class=\"elementor-widget-container\">\n\t\t\t\t\t\t\t\t\t\t\t\t\t\t\t<img fetchpriority=\"high\" decoding=\"async\" width=\"320\" height=\"480\" src=\"https:\/\/gainer.fi\/wp-content\/uploads\/2024\/02\/Gainer-Nina-Heikkinen.jpg\" class=\"attachment-large size-large wp-image-3923\" alt=\"\" srcset=\"https:\/\/gainer.fi\/wp-content\/uploads\/2024\/02\/Gainer-Nina-Heikkinen.jpg 320w, https:\/\/gainer.fi\/wp-content\/uploads\/2024\/02\/Gainer-Nina-Heikkinen-200x300.jpg 200w, https:\/\/gainer.fi\/wp-content\/uploads\/2024\/02\/Gainer-Nina-Heikkinen-8x12.jpg 8w\" sizes=\"(max-width: 320px) 100vw, 320px\" \/>\t\t\t\t\t\t\t\t\t\t\t\t\t\t\t<\/div>\n\t\t\t\t<\/div>\n\t\t\t\t<div class=\"elementor-element elementor-element-d9c7ebd elementor-widget elementor-widget-heading\" data-id=\"d9c7ebd\" data-element_type=\"widget\" data-widget_type=\"heading.default\">\n\t\t\t\t<div class=\"elementor-widget-container\">\n\t\t\t\t\t<h3 class=\"elementor-heading-title elementor-size-default\">NINA HEIKKINEN<\/h3>\t\t\t\t<\/div>\n\t\t\t\t<\/div>\n\t\t\t\t<div class=\"elementor-element elementor-element-47cb4e1 elementor-widget elementor-widget-text-editor\" data-id=\"47cb4e1\" data-element_type=\"widget\" data-widget_type=\"text-editor.default\">\n\t\t\t\t<div class=\"elementor-widget-container\">\n\t\t\t\t\t\t\t\t\t<p>Customer Manager<br \/>+358 41 437 7517<br \/><span style=\"color: #004037;\"><a style=\"color: #004037;\" href=\"mailto:nina.heikkinen@gainer.fi\"><strong>nina.heikkinen@gainer.fi<\/strong><\/a><\/span><\/p>\t\t\t\t\t\t\t\t<\/div>\n\t\t\t\t<\/div>\n\t\t\t\t<\/div>\n\t\t\t\t\t<\/div>\n\t\t\t\t<\/div>\n\t\t\t\t<section class=\"elementor-section elementor-top-section elementor-element elementor-element-5b4f66c elementor-section-boxed elementor-section-height-default elementor-section-height-default\" data-id=\"5b4f66c\" data-element_type=\"section\" id=\"paketit\" data-settings=\"{&quot;background_background&quot;:&quot;classic&quot;}\">\n\t\t\t\t\t\t<div class=\"elementor-container elementor-column-gap-no\">\n\t\t\t\t\t<div class=\"elementor-column elementor-col-50 elementor-top-column elementor-element elementor-element-e2881d6\" data-id=\"e2881d6\" data-element_type=\"column\">\n\t\t\t<div class=\"elementor-widget-wrap elementor-element-populated\">\n\t\t\t\t\t\t<div class=\"elementor-element elementor-element-8321c1b elementor-widget elementor-widget-heading\" data-id=\"8321c1b\" data-element_type=\"widget\" data-widget_type=\"heading.default\">\n\t\t\t\t<div class=\"elementor-widget-container\">\n\t\t\t\t\t<h3 class=\"elementor-heading-title elementor-size-default\">Contact Us<\/h3>\t\t\t\t<\/div>\n\t\t\t\t<\/div>\n\t\t\t\t<div class=\"elementor-element elementor-element-b9647ae elementor-button-align-stretch elementor-widget elementor-widget-form\" data-id=\"b9647ae\" data-element_type=\"widget\" data-settings=\"{&quot;step_next_label&quot;:&quot;Next&quot;,&quot;step_previous_label&quot;:&quot;Previous&quot;,&quot;button_width&quot;:&quot;100&quot;,&quot;step_type&quot;:&quot;number_text&quot;,&quot;step_icon_shape&quot;:&quot;circle&quot;}\" data-widget_type=\"form.default\">\n\t\t\t\t<div class=\"elementor-widget-container\">\n\t\t\t\t\t\t\t<form class=\"elementor-form\" method=\"post\" name=\"New Form\" aria-label=\"New Form\" action=\"\">\n\t\t\t<input type=\"hidden\" name=\"post_id\" value=\"16314\"\/>\n\t\t\t<input type=\"hidden\" name=\"form_id\" value=\"b9647ae\"\/>\n\t\t\t<input type=\"hidden\" name=\"referer_title\" value=\"Gainer\" \/>\n\n\t\t\t\n\t\t\t<div class=\"elementor-form-fields-wrapper elementor-labels-above\">\n\t\t\t\t\t\t\t\t<div class=\"elementor-field-type-text elementor-field-group elementor-column elementor-field-group-field_1b1f78c elementor-col-100\">\n\t\t\t\t\t\t\t\t\t\t\t\t<label for=\"form-field-field_1b1f78c\" class=\"elementor-field-label\">\n\t\t\t\t\t\t\t\tOrganisation\t\t\t\t\t\t\t<\/label>\n\t\t\t\t\t\t\t\t\t\t\t\t\t\t<input size=\"1\" type=\"text\" name=\"form_fields[field_1b1f78c]\" id=\"form-field-field_1b1f78c\" class=\"elementor-field elementor-size-sm  elementor-field-textual\" placeholder=\"Organisation\">\n\t\t\t\t\t\t\t\t\t\t\t<\/div>\n\t\t\t\t\t\t\t\t<div class=\"elementor-field-type-text elementor-field-group elementor-column elementor-field-group-name elementor-col-100\">\n\t\t\t\t\t\t\t\t\t\t\t\t<label for=\"form-field-name\" class=\"elementor-field-label\">\n\t\t\t\t\t\t\t\tName\t\t\t\t\t\t\t<\/label>\n\t\t\t\t\t\t\t\t\t\t\t\t\t\t<input size=\"1\" type=\"text\" name=\"form_fields[name]\" id=\"form-field-name\" class=\"elementor-field elementor-size-sm  elementor-field-textual\" placeholder=\"Name\">\n\t\t\t\t\t\t\t\t\t\t\t<\/div>\n\t\t\t\t\t\t\t\t<div class=\"elementor-field-type-text elementor-field-group elementor-column elementor-field-group-field_4293827 elementor-col-100\">\n\t\t\t\t\t\t\t\t\t\t\t\t<label for=\"form-field-field_4293827\" class=\"elementor-field-label\">\n\t\t\t\t\t\t\t\tPhone\t\t\t\t\t\t\t<\/label>\n\t\t\t\t\t\t\t\t\t\t\t\t\t\t<input size=\"1\" type=\"text\" name=\"form_fields[field_4293827]\" id=\"form-field-field_4293827\" class=\"elementor-field elementor-size-sm  elementor-field-textual\" placeholder=\"Phone\">\n\t\t\t\t\t\t\t\t\t\t\t<\/div>\n\t\t\t\t\t\t\t\t<div class=\"elementor-field-type-email elementor-field-group elementor-column elementor-field-group-email elementor-col-100 elementor-field-required\">\n\t\t\t\t\t\t\t\t\t\t\t\t<label for=\"form-field-email\" class=\"elementor-field-label\">\n\t\t\t\t\t\t\t\tEmail\t\t\t\t\t\t\t<\/label>\n\t\t\t\t\t\t\t\t\t\t\t\t\t\t<input size=\"1\" type=\"email\" name=\"form_fields[email]\" id=\"form-field-email\" class=\"elementor-field elementor-size-sm  elementor-field-textual\" placeholder=\"Email\" required=\"required\">\n\t\t\t\t\t\t\t\t\t\t\t<\/div>\n\t\t\t\t\t\t\t\t<div class=\"elementor-field-type-textarea elementor-field-group elementor-column elementor-field-group-message elementor-col-100\">\n\t\t\t\t\t\t\t\t\t\t\t\t<label for=\"form-field-message\" class=\"elementor-field-label\">\n\t\t\t\t\t\t\t\tMessage\t\t\t\t\t\t\t<\/label>\n\t\t\t\t\t\t<textarea class=\"elementor-field-textual elementor-field  elementor-size-sm\" name=\"form_fields[message]\" id=\"form-field-message\" rows=\"4\" placeholder=\"Message\"><\/textarea>\t\t\t\t<\/div>\n\t\t\t\t\t\t\t\t<div class=\"elementor-field-group elementor-column elementor-field-type-submit elementor-col-100 e-form__buttons\">\n\t\t\t\t\t<button class=\"elementor-button elementor-size-sm\" type=\"submit\">\n\t\t\t\t\t\t<span class=\"elementor-button-content-wrapper\">\n\t\t\t\t\t\t\t\t\t\t\t\t\t\t\t\t\t\t\t\t\t\t<span class=\"elementor-button-text\">Send<\/span>\n\t\t\t\t\t\t\t\t\t\t\t\t\t<\/span>\n\t\t\t\t\t<\/button>\n\t\t\t\t<\/div>\n\t\t\t<\/div>\n\t\t<input type=\"hidden\" name=\"trp-form-language\" value=\"en\"\/><\/form>\n\t\t\t\t\t\t<\/div>\n\t\t\t\t<\/div>\n\t\t\t\t\t<\/div>\n\t\t<\/div>\n\t\t\t\t<div class=\"elementor-column elementor-col-50 elementor-top-column elementor-element elementor-element-a42489b\" data-id=\"a42489b\" data-element_type=\"column\">\n\t\t\t<div class=\"elementor-widget-wrap elementor-element-populated\">\n\t\t\t\t\t\t<section class=\"elementor-section elementor-inner-section elementor-element elementor-element-7eb7324 elementor-section-boxed elementor-section-height-default elementor-section-height-default\" data-id=\"7eb7324\" data-element_type=\"section\">\n\t\t\t\t\t\t<div class=\"elementor-container elementor-column-gap-default\">\n\t\t\t\t\t<div class=\"elementor-column elementor-col-100 elementor-inner-column elementor-element elementor-element-ccf9e5b\" data-id=\"ccf9e5b\" data-element_type=\"column\">\n\t\t\t<div class=\"elementor-widget-wrap elementor-element-populated\">\n\t\t\t\t\t\t<div class=\"elementor-element elementor-element-8a7cbf6 elementor-widget elementor-widget-google_maps\" data-id=\"8a7cbf6\" data-element_type=\"widget\" data-widget_type=\"google_maps.default\">\n\t\t\t\t<div class=\"elementor-widget-container\">\n\t\t\t\t\t\t\t<div class=\"elementor-custom-embed\">\n\t\t\t<iframe loading=\"lazy\"\n\t\t\t\t\tsrc=\"https:\/\/maps.google.com\/maps?q=Gainer%20Oy%2C%20Hermannin%20rantatie%208%2C%2000580%20Helsinki&#038;t=m&#038;z=14&#038;output=embed&#038;iwloc=near\"\n\t\t\t\t\ttitle=\"Gainer Oy, Hermannin rantatie 8, 00580 Helsinki\"\n\t\t\t\t\taria-label=\"Gainer Oy, Hermannin rantatie 8, 00580 Helsinki\"\n\t\t\t><\/iframe>\n\t\t<\/div>\n\t\t\t\t\t\t<\/div>\n\t\t\t\t<\/div>\n\t\t\t\t\t<\/div>\n\t\t<\/div>\n\t\t\t\t\t<\/div>\n\t\t<\/section>\n\t\t\t\t\t<\/div>\n\t\t<\/div>\n\t\t\t\t\t<\/div>\n\t\t<\/section>\n\t\t\t\t<\/div>","protected":false},"excerpt":{"rendered":"<p>B2C- palvelut Voit j\u00e4tt\u00e4\u00e4 meille yhteydenottopyynn\u00f6n oheisen lomakkeen kautta tai sopia palaverin suoraan Ninan kanssa.&nbsp; Ota yhteytt\u00e4 Sovi tapaaminen NINA HEIKKINEN ASIAKASVASTAAVA+358 41 437 7517nina.heikkinen@gainer.fi Ota yhteytt\u00e4<\/p>","protected":false},"author":6,"featured_media":2623,"parent":0,"menu_order":0,"comment_status":"closed","ping_status":"closed","template":"","meta":{"site-sidebar-layout":"no-sidebar","site-content-layout":"page-builder","ast-site-content-layout":"full-width-container","site-content-style":"unboxed","site-sidebar-style":"unboxed","ast-global-header-display":"","ast-banner-title-visibility":"","ast-main-header-display":"","ast-hfb-above-header-display":"","ast-hfb-below-header-display":"","ast-hfb-mobile-header-display":"","site-post-title":"disabled","ast-breadcrumbs-content":"","ast-featured-img":"disabled","footer-sml-layout":"","theme-transparent-header-meta":"enabled","adv-header-id-meta":"","stick-header-meta":"","header-above-stick-meta":"","header-main-stick-meta":"","header-below-stick-meta":"","astra-migrate-meta-layouts":"set","ast-page-background-enabled":"default","ast-page-background-meta":{"desktop":{"background-color":"","background-image":"","background-repeat":"repeat","background-position":"center center","background-size":"auto","background-attachment":"scroll","background-type":"","background-media":"","overlay-type":"","overlay-color":"","overlay-opacity":"","overlay-gradient":""},"tablet":{"background-color":"","background-image":"","background-repeat":"repeat","background-position":"center center","background-size":"auto","background-attachment":"scroll","background-type":"","background-media":"","overlay-type":"","overlay-color":"","overlay-opacity":"","overlay-gradient":""},"mobile":{"background-color":"","background-image":"","background-repeat":"repeat","background-position":"center center","background-size":"auto","background-attachment":"scroll","background-type":"","background-media":"","overlay-type":"","overlay-color":"","overlay-opacity":"","overlay-gradient":""}},"ast-content-background-meta":{"desktop":{"background-color":"var(--ast-global-color-5)","background-image":"","background-repeat":"repeat","background-position":"center center","background-size":"auto","background-attachment":"scroll","background-type":"","background-media":"","overlay-type":"","overlay-color":"","overlay-opacity":"","overlay-gradient":""},"tablet":{"background-color":"var(--ast-global-color-5)","background-image":"","background-repeat":"repeat","background-position":"center center","background-size":"auto","background-attachment":"scroll","background-type":"","background-media":"","overlay-type":"","overlay-color":"","overlay-opacity":"","overlay-gradient":""},"mobile":{"background-color":"var(--ast-global-color-5)","background-image":"","background-repeat":"repeat","background-position":"center center","background-size":"auto","background-attachment":"scroll","background-type":"","background-media":"","overlay-type":"","overlay-color":"","overlay-opacity":"","overlay-gradient":""}},"footnotes":""},"class_list":["post-16314","page","type-page","status-publish","has-post-thumbnail","hentry"],"yoast_head":"<!-- This site is optimized with the Yoast SEO plugin v27.4 - https:\/\/yoast.com\/product\/yoast-seo-wordpress\/ -->\n<title>B2C - Ota yhteytt\u00e4 - Gainer<\/title>\n<meta name=\"description\" content=\"Voit j\u00e4tt\u00e4\u00e4 meille yhteydenottopyynn\u00f6n oheisen lomakkeen kautta tai sopia palaverin suoraan.\" \/>\n<meta name=\"robots\" content=\"index, follow, max-snippet:-1, max-image-preview:large, max-video-preview:-1\" \/>\n<link rel=\"canonical\" href=\"https:\/\/gainer.fi\/en\/b2c-ota-yhteytta\/\" \/>\n<meta property=\"og:locale\" content=\"en_GB\" \/>\n<meta property=\"og:type\" content=\"article\" \/>\n<meta property=\"og:title\" content=\"B2C - Ota yhteytt\u00e4 - Gainer\" \/>\n<meta property=\"og:description\" content=\"Voit j\u00e4tt\u00e4\u00e4 meille yhteydenottopyynn\u00f6n oheisen lomakkeen kautta tai sopia palaverin suoraan.\" \/>\n<meta property=\"og:url\" content=\"https:\/\/gainer.fi\/en\/b2c-ota-yhteytta\/\" \/>\n<meta property=\"og:site_name\" content=\"Gainer\" \/>\n<meta property=\"article:modified_time\" content=\"2026-02-04T10:04:14+00:00\" \/>\n<meta property=\"og:image\" content=\"https:\/\/gainer.fi\/wp-content\/uploads\/2024\/02\/Gainer-4.jpg\" \/>\n\t<meta property=\"og:image:width\" content=\"1300\" \/>\n\t<meta property=\"og:image:height\" content=\"581\" \/>\n\t<meta property=\"og:image:type\" content=\"image\/jpeg\" \/>\n<meta name=\"twitter:card\" content=\"summary_large_image\" \/>\n<meta name=\"twitter:label1\" content=\"Estimated reading time\" \/>\n\t<meta name=\"twitter:data1\" content=\"1 minute\" \/>\n<script type=\"application\/ld+json\" class=\"yoast-schema-graph\">{\"@context\":\"https:\\\/\\\/schema.org\",\"@graph\":[{\"@type\":\"WebPage\",\"@id\":\"https:\\\/\\\/gainer.fi\\\/b2c-ota-yhteytta\\\/\",\"url\":\"https:\\\/\\\/gainer.fi\\\/b2c-ota-yhteytta\\\/\",\"name\":\"B2C - Ota yhteytt\u00e4 - Gainer\",\"isPartOf\":{\"@id\":\"https:\\\/\\\/gainer.fi\\\/#website\"},\"primaryImageOfPage\":{\"@id\":\"https:\\\/\\\/gainer.fi\\\/b2c-ota-yhteytta\\\/#primaryimage\"},\"image\":{\"@id\":\"https:\\\/\\\/gainer.fi\\\/b2c-ota-yhteytta\\\/#primaryimage\"},\"thumbnailUrl\":\"https:\\\/\\\/gainer.fi\\\/wp-content\\\/uploads\\\/2024\\\/02\\\/Gainer-4.jpg\",\"datePublished\":\"2024-03-06T08:23:39+00:00\",\"dateModified\":\"2026-02-04T10:04:14+00:00\",\"description\":\"Voit j\u00e4tt\u00e4\u00e4 meille yhteydenottopyynn\u00f6n oheisen lomakkeen kautta tai sopia palaverin suoraan.\",\"breadcrumb\":{\"@id\":\"https:\\\/\\\/gainer.fi\\\/b2c-ota-yhteytta\\\/#breadcrumb\"},\"inLanguage\":\"en-GB\",\"potentialAction\":[{\"@type\":\"ReadAction\",\"target\":[\"https:\\\/\\\/gainer.fi\\\/b2c-ota-yhteytta\\\/\"]}]},{\"@type\":\"ImageObject\",\"inLanguage\":\"en-GB\",\"@id\":\"https:\\\/\\\/gainer.fi\\\/b2c-ota-yhteytta\\\/#primaryimage\",\"url\":\"https:\\\/\\\/gainer.fi\\\/wp-content\\\/uploads\\\/2024\\\/02\\\/Gainer-4.jpg\",\"contentUrl\":\"https:\\\/\\\/gainer.fi\\\/wp-content\\\/uploads\\\/2024\\\/02\\\/Gainer-4.jpg\",\"width\":1300,\"height\":581,\"caption\":\"Gainer\"},{\"@type\":\"BreadcrumbList\",\"@id\":\"https:\\\/\\\/gainer.fi\\\/b2c-ota-yhteytta\\\/#breadcrumb\",\"itemListElement\":[{\"@type\":\"ListItem\",\"position\":1,\"name\":\"Home\",\"item\":\"https:\\\/\\\/gainer.fi\\\/\"},{\"@type\":\"ListItem\",\"position\":2,\"name\":\"B2C &#8211; Ota yhteytt\u00e4\"}]},{\"@type\":\"WebSite\",\"@id\":\"https:\\\/\\\/gainer.fi\\\/#website\",\"url\":\"https:\\\/\\\/gainer.fi\\\/\",\"name\":\"Gainer\",\"description\":\"Gainer\",\"publisher\":{\"@id\":\"https:\\\/\\\/gainer.fi\\\/#organization\"},\"potentialAction\":[{\"@type\":\"SearchAction\",\"target\":{\"@type\":\"EntryPoint\",\"urlTemplate\":\"https:\\\/\\\/gainer.fi\\\/?s={search_term_string}\"},\"query-input\":{\"@type\":\"PropertyValueSpecification\",\"valueRequired\":true,\"valueName\":\"search_term_string\"}}],\"inLanguage\":\"en-GB\"},{\"@type\":\"Organization\",\"@id\":\"https:\\\/\\\/gainer.fi\\\/#organization\",\"name\":\"Gainer\",\"url\":\"https:\\\/\\\/gainer.fi\\\/\",\"logo\":{\"@type\":\"ImageObject\",\"inLanguage\":\"en-GB\",\"@id\":\"https:\\\/\\\/gainer.fi\\\/#\\\/schema\\\/logo\\\/image\\\/\",\"url\":\"https:\\\/\\\/gainer.fi\\\/wp-content\\\/uploads\\\/2021\\\/02\\\/Gainer-logo.png\",\"contentUrl\":\"https:\\\/\\\/gainer.fi\\\/wp-content\\\/uploads\\\/2021\\\/02\\\/Gainer-logo.png\",\"width\":1000,\"height\":239,\"caption\":\"Gainer\"},\"image\":{\"@id\":\"https:\\\/\\\/gainer.fi\\\/#\\\/schema\\\/logo\\\/image\\\/\"}}]}<\/script>\n<!-- \/ Yoast SEO plugin. -->","yoast_head_json":{"title":"B2C - Ota yhteytt\u00e4 - Gainer","description":"Voit j\u00e4tt\u00e4\u00e4 meille yhteydenottopyynn\u00f6n oheisen lomakkeen kautta tai sopia palaverin suoraan.","robots":{"index":"index","follow":"follow","max-snippet":"max-snippet:-1","max-image-preview":"max-image-preview:large","max-video-preview":"max-video-preview:-1"},"canonical":"https:\/\/gainer.fi\/en\/b2c-ota-yhteytta\/","og_locale":"en_GB","og_type":"article","og_title":"B2C - Ota yhteytt\u00e4 - Gainer","og_description":"Voit j\u00e4tt\u00e4\u00e4 meille yhteydenottopyynn\u00f6n oheisen lomakkeen kautta tai sopia palaverin suoraan.","og_url":"https:\/\/gainer.fi\/en\/b2c-ota-yhteytta\/","og_site_name":"Gainer","article_modified_time":"2026-02-04T10:04:14+00:00","og_image":[{"width":1300,"height":581,"url":"https:\/\/gainer.fi\/wp-content\/uploads\/2024\/02\/Gainer-4.jpg","type":"image\/jpeg"}],"twitter_card":"summary_large_image","twitter_misc":{"Estimated reading time":"1 minute"},"schema":{"@context":"https:\/\/schema.org","@graph":[{"@type":"WebPage","@id":"https:\/\/gainer.fi\/b2c-ota-yhteytta\/","url":"https:\/\/gainer.fi\/b2c-ota-yhteytta\/","name":"B2C - Ota yhteytt\u00e4 - Gainer","isPartOf":{"@id":"https:\/\/gainer.fi\/#website"},"primaryImageOfPage":{"@id":"https:\/\/gainer.fi\/b2c-ota-yhteytta\/#primaryimage"},"image":{"@id":"https:\/\/gainer.fi\/b2c-ota-yhteytta\/#primaryimage"},"thumbnailUrl":"https:\/\/gainer.fi\/wp-content\/uploads\/2024\/02\/Gainer-4.jpg","datePublished":"2024-03-06T08:23:39+00:00","dateModified":"2026-02-04T10:04:14+00:00","description":"Voit j\u00e4tt\u00e4\u00e4 meille yhteydenottopyynn\u00f6n oheisen lomakkeen kautta tai sopia palaverin suoraan.","breadcrumb":{"@id":"https:\/\/gainer.fi\/b2c-ota-yhteytta\/#breadcrumb"},"inLanguage":"en-GB","potentialAction":[{"@type":"ReadAction","target":["https:\/\/gainer.fi\/b2c-ota-yhteytta\/"]}]},{"@type":"ImageObject","inLanguage":"en-GB","@id":"https:\/\/gainer.fi\/b2c-ota-yhteytta\/#primaryimage","url":"https:\/\/gainer.fi\/wp-content\/uploads\/2024\/02\/Gainer-4.jpg","contentUrl":"https:\/\/gainer.fi\/wp-content\/uploads\/2024\/02\/Gainer-4.jpg","width":1300,"height":581,"caption":"Gainer"},{"@type":"BreadcrumbList","@id":"https:\/\/gainer.fi\/b2c-ota-yhteytta\/#breadcrumb","itemListElement":[{"@type":"ListItem","position":1,"name":"Home","item":"https:\/\/gainer.fi\/"},{"@type":"ListItem","position":2,"name":"B2C &#8211; Ota yhteytt\u00e4"}]},{"@type":"WebSite","@id":"https:\/\/gainer.fi\/#website","url":"https:\/\/gainer.fi\/","name":"Gainer","description":"Gainer","publisher":{"@id":"https:\/\/gainer.fi\/#organization"},"potentialAction":[{"@type":"SearchAction","target":{"@type":"EntryPoint","urlTemplate":"https:\/\/gainer.fi\/?s={search_term_string}"},"query-input":{"@type":"PropertyValueSpecification","valueRequired":true,"valueName":"search_term_string"}}],"inLanguage":"en-GB"},{"@type":"Organization","@id":"https:\/\/gainer.fi\/#organization","name":"Gainer","url":"https:\/\/gainer.fi\/","logo":{"@type":"ImageObject","inLanguage":"en-GB","@id":"https:\/\/gainer.fi\/#\/schema\/logo\/image\/","url":"https:\/\/gainer.fi\/wp-content\/uploads\/2021\/02\/Gainer-logo.png","contentUrl":"https:\/\/gainer.fi\/wp-content\/uploads\/2021\/02\/Gainer-logo.png","width":1000,"height":239,"caption":"Gainer"},"image":{"@id":"https:\/\/gainer.fi\/#\/schema\/logo\/image\/"}}]}},"_links":{"self":[{"href":"https:\/\/gainer.fi\/en\/wp-json\/wp\/v2\/pages\/16314","targetHints":{"allow":["GET"]}}],"collection":[{"href":"https:\/\/gainer.fi\/en\/wp-json\/wp\/v2\/pages"}],"about":[{"href":"https:\/\/gainer.fi\/en\/wp-json\/wp\/v2\/types\/page"}],"author":[{"embeddable":true,"href":"https:\/\/gainer.fi\/en\/wp-json\/wp\/v2\/users\/6"}],"replies":[{"embeddable":true,"href":"https:\/\/gainer.fi\/en\/wp-json\/wp\/v2\/comments?post=16314"}],"version-history":[{"count":61,"href":"https:\/\/gainer.fi\/en\/wp-json\/wp\/v2\/pages\/16314\/revisions"}],"predecessor-version":[{"id":17663,"href":"https:\/\/gainer.fi\/en\/wp-json\/wp\/v2\/pages\/16314\/revisions\/17663"}],"wp:featuredmedia":[{"embeddable":true,"href":"https:\/\/gainer.fi\/en\/wp-json\/wp\/v2\/media\/2623"}],"wp:attachment":[{"href":"https:\/\/gainer.fi\/en\/wp-json\/wp\/v2\/media?parent=16314"}],"curies":[{"name":"wp","href":"https:\/\/api.w.org\/{rel}","templated":true}]}}